{"id":1137,"date":"2021-12-01T05:41:02","date_gmt":"2021-12-01T05:41:02","guid":{"rendered":"https:\/\/astti.ch\/formations-externes\/"},"modified":"2025-07-23T09:03:16","modified_gmt":"2025-07-23T09:03:16","slug":"externe-schulungen","status":"publish","type":"page","link":"https:\/\/astti.ch\/de\/externe-schulungen\/","title":{"rendered":"Externe Schulungen"},"content":{"rendered":"<div class=\"vce-row-container\"><div class=\"vce-row vce-element--has-background vce-row--col-gap-30 banner_inside vce-row-equal-height vce-row-content--top\" data-vce-full-width=\"true\" id=\"el-6f7cc825\" data-vce-do-apply=\"all el-6f7cc825\"><div class=\"vce-content-background-container\"><div class=\"vce-asset-background-simple-container vce-visible-all-only vce-asset-background-simple--style-cover vce-asset-background-simple--position-center-center\"><div class=\"vce-asset-background-simple\">\n              <div class=\"vce-asset-background-simple-item vcv-lozad\" data-background-image=\"https:\/\/astti.ch\/wp-content\/uploads\/2021\/11\/AdobeStock_72116406-scaled.jpeg\"><\/div>\n              <noscript>\n                <div class=\"vce-asset-background-simple-item\" style=\"background-image: url(https:\/\/astti.ch\/wp-content\/uploads\/2021\/11\/AdobeStock_72116406-scaled.jpeg)\"><\/div>\n              <\/noscript>\n            <\/div><\/div><div class=\"vce-asset-color-gradient-container vce-visible-all-only\" data-vce-do-apply=\"gradient el-6f7cc825\"><\/div><\/div><div class=\"vce-row-content\" data-vce-element-content=\"true\"><div class=\"vce-col vce-col--md-auto vce-col--xs-1 vce-col--xs-last vce-col--xs-first vce-col--sm-last vce-col--sm-first vce-col--md-last vce-col--lg-last vce-col--xl-last vce-col--md-first vce-col--lg-first vce-col--xl-first\" id=\"el-ed236a7f\"><div class=\"vce-col-inner\" data-vce-do-apply=\"border margin background  el-ed236a7f\"><div class=\"vce-col-content\" data-vce-element-content=\"true\" data-vce-do-apply=\"padding el-ed236a7f\"><div class=\"vce-text-block\"><div class=\"vce-text-block-wrapper vce\" id=\"el-07698524\" data-vce-do-apply=\"all el-07698524\"><\/div><\/div><div class=\"vce-row-container\" data-vce-boxed-width=\"true\"><div class=\"vce-row vce-row--col-gap-30 vce-row-equal-height vce-row-content--top\" id=\"el-3d8ea25a\" data-vce-do-apply=\"all el-3d8ea25a\"><div class=\"vce-row-content\" data-vce-element-content=\"true\"><div class=\"vce-col vce-col--md-auto vce-col--xs-1 vce-col--xs-last vce-col--xs-first vce-col--sm-last vce-col--sm-first vce-col--md-last vce-col--lg-last vce-col--xl-last vce-col--md-first vce-col--lg-first vce-col--xl-first\" id=\"el-fce0dc0f\"><div class=\"vce-col-inner\" data-vce-do-apply=\"border margin background  el-fce0dc0f\"><div class=\"vce-col-content\" data-vce-element-content=\"true\" data-vce-do-apply=\"padding el-fce0dc0f\"><div class=\"vcv-row-control-wrapper\"><\/div><\/div><\/div><\/div><\/div><\/div><\/div><\/div><\/div><\/div><\/div><\/div><\/div><div class=\"vce-row-container\" data-vce-boxed-width=\"true\"><div class=\"vce-row vce-row--col-gap-30 vce-row-equal-height vce-row-content--top\" id=\"el-c13a637f\" data-vce-do-apply=\"all el-c13a637f\"><div class=\"vce-row-content\" data-vce-element-content=\"true\"><div class=\"vce-col vce-col--md-66-66p vce-col--xs-1 vce-col--xs-last vce-col--xs-first vce-col--sm-last vce-col--sm-first vce-col--md-first vce-col--lg-first vce-col--xl-first\" id=\"el-270c8bea\"><div class=\"vce-col-inner\" data-vce-do-apply=\"border margin background  el-270c8bea\"><div class=\"vce-content-background-container\"><\/div><div class=\"vce-col-content\" data-vce-element-content=\"true\" data-vce-do-apply=\"padding el-270c8bea\"><div class=\"vce-text-block block-white\"><div class=\"vce-text-block-wrapper vce\" id=\"el-bda38f91\" data-vce-do-apply=\"all el-bda38f91\"><h1>Externe Weiterbildungsangebote<\/h1><\/div><\/div><\/div><\/div><\/div><div class=\"vce-col vce-col--md-33-34p vce-col--xs-1 vce-col--xs-last vce-col--xs-first vce-col--sm-last vce-col--sm-first vce-col--md-last vce-col--lg-last vce-col--xl-last\" id=\"el-74c7843d\"><div class=\"vce-col-inner\" data-vce-do-apply=\"border margin background  el-74c7843d\"><div class=\"vce-col-content\" data-vce-element-content=\"true\" data-vce-do-apply=\"padding el-74c7843d\"><div class=\"vcv-row-control-wrapper\"><\/div><\/div><\/div><\/div><\/div><\/div><\/div><div class=\"vce-row-container\" data-vce-boxed-width=\"true\"><div class=\"vce-row vce-row--col-gap-30 vce-row-equal-height vce-row-content--top\" id=\"el-07147288\" data-vce-do-apply=\"all el-07147288\"><div class=\"vce-content-background-container\"><\/div><div class=\"vce-row-content\" data-vce-element-content=\"true\"><div class=\"vce-col vce-col--md-66-66p vce-col--xs-1 vce-col--xs-last vce-col--xs-first vce-col--sm-last vce-col--sm-first vce-col--md-first vce-col--lg-first vce-col--xl-first\" id=\"el-c11c0d90\"><div class=\"vce-col-inner\" data-vce-do-apply=\"border margin background  el-c11c0d90\"><div class=\"vce-col-content\" data-vce-element-content=\"true\" data-vce-do-apply=\"padding el-c11c0d90\"><div class=\"vce-text-block\"><div class=\"vce-text-block-wrapper vce\" id=\"el-aedcfb18\" data-vce-do-apply=\"all el-aedcfb18\"><p>Verschiedene Partner bieten Kurse an, die unser eigenes Angebot erg\u00e4nzen. Hier finden Sie die uns gemeldeten Kurse. <br>ASTTI \u00fcbernimmt keine Haftung f\u00fcr die Richtigkeit und Vollst\u00e4ndigkeit der auf dieser Seite publizierten Informationen und verweist gegebenenfalls auf den betreffenden Partner.<\/p><\/div><\/div><\/div><\/div><\/div><div class=\"vce-col vce-col--md-33-34p vce-col--xs-1 vce-col--xs-last vce-col--xs-first vce-col--sm-last vce-col--sm-first vce-col--md-last vce-col--lg-last vce-col--xl-last\" id=\"el-d4282706\"><div class=\"vce-col-inner\" data-vce-do-apply=\"border margin background  el-d4282706\"><div class=\"vce-col-content\" data-vce-element-content=\"true\" data-vce-do-apply=\"padding el-d4282706\"><div class=\"vcv-row-control-wrapper\"><\/div><\/div><\/div><\/div><\/div><\/div><\/div><div class=\"vce-row-container\" data-vce-boxed-width=\"true\"><div class=\"vce-row vce-row--col-gap-30 vce-row-equal-height vce-row-content--top\" id=\"el-7a86f741\" data-vce-do-apply=\"all el-7a86f741\"><div class=\"vce-content-background-container\"><\/div><div class=\"vce-row-content\" data-vce-element-content=\"true\"><div class=\"vce-col vce-col--md-auto vce-col--xs-1 vce-col--xs-last vce-col--xs-first vce-col--sm-last vce-col--sm-first vce-col--md-last vce-col--lg-last vce-col--xl-last vce-col--md-first vce-col--lg-first vce-col--xl-first\" id=\"el-897c958d\"><div class=\"vce-col-inner\" data-vce-do-apply=\"border margin background  el-897c958d\"><div class=\"vce-col-content\" data-vce-element-content=\"true\" data-vce-do-apply=\"padding el-897c958d\"><div class=\"vcv-row-control-wrapper\"><\/div><\/div><\/div><\/div><\/div><\/div><\/div><div class=\"vce-row-container\" data-vce-boxed-width=\"true\"><div class=\"vce-row vce-row--col-gap-30 vce-row-equal-height vce-row-content--top\" id=\"el-5a1e5e2b\" data-vce-do-apply=\"all el-5a1e5e2b\"><div class=\"vce-content-background-container\"><\/div><div class=\"vce-row-content\" data-vce-element-content=\"true\"><div class=\"vce-col vce-col--md-auto vce-col--xs-1 vce-col--xs-last vce-col--xs-first vce-col--sm-last vce-col--sm-first vce-col--md-last vce-col--lg-last vce-col--xl-last vce-col--md-first vce-col--lg-first vce-col--xl-first\" id=\"el-6ba218e5\"><div class=\"vce-col-inner\" data-vce-do-apply=\"border margin background  el-6ba218e5\"><div class=\"vce-col-content\" data-vce-element-content=\"true\" data-vce-do-apply=\"padding el-6ba218e5\"><div class=\"vce-text-block\"><div class=\"vce-text-block-wrapper vce\" id=\"el-b0c15c60\" data-vce-do-apply=\"all el-b0c15c60\"><h2>ZHAW \u2013 Institut f\u00fcr Mehrsprachige Kommunikation \/ IMK<\/h2>\n<p><a href=\"https:\/\/www.zhaw.ch\/de\/linguistik\/institute-zentren\/iued\/weiterbildung\/\" target=\"_blank\" rel=\"noopener\">Hier<\/a> finden Sie alle Weiterbildungen des IMK.<\/p>\n<p>ASTTI-Mitglieder profitieren<span class=\"\">&nbsp;von einem&nbsp;<\/span>Rabatt von 10&nbsp;%&nbsp;<span class=\"\">auf die Kursgeb\u00fchren s\u00e4mtlicher IMK-Weiterbildungen.<\/span><\/p>\n<p>&nbsp;<\/p>\n<h2>Universit\u00e4t Genf \u2013 Fakult\u00e4t f\u00fcr \u00dcbersetzen und Dolmetschen<\/h2>\n<p><a href=\"https:\/\/www.unige.ch\/fti\/de\/enseignements\/formation-continue\/\" target=\"_blank\" rel=\"noopener\">Hier<\/a> finden Sie alle Weiterbildungen der Fakult\u00e4t f\u00fcr \u00dcbersetzen und Dolmetschen der Universit\u00e4t Genf.<\/p>\n<p>ASTTI-Mitglieder erhalten eine Verg\u00fcnstigung von 10 % auf bestimmte Weiterbildungen der FTI.<\/p><\/div><\/div><div class=\"vce-text-block\"><div class=\"vce-text-block-wrapper vce\" id=\"el-38c6ad84\" data-vce-do-apply=\"all el-38c6ad84\"><\/div><\/div><\/div><\/div><\/div><\/div><\/div><\/div>","protected":false},"excerpt":{"rendered":"<p>Externe WeiterbildungsangeboteVerschiedene Partner bieten Kurse an, die unser eigenes Angebot erg\u00e4nzen. Hier finden Sie die uns gemeldeten Kurse. ASTTI \u00fcbernimmt keine Haftung f\u00fcr die Richtigkeit und Vollst\u00e4ndigkeit der auf dieser Seite publizierten Informationen und verweist gegebenenfalls auf den betreffenden Partner.ZHAW \u2013 Institut f\u00fcr Mehrsprachige Kommunikation \/ IMK Hier finden Sie alle Weiterbildungen des IMK. ASTTI-Mitglieder [&hellip;]<\/p>\n","protected":false},"author":1,"featured_media":0,"parent":0,"menu_order":0,"comment_status":"closed","ping_status":"closed","template":"","meta":{"inline_featured_image":false,"footnotes":""},"class_list":["post-1137","page","type-page","status-publish","hentry"],"acf":[],"_links":{"self":[{"href":"https:\/\/astti.ch\/de\/wp-json\/wp\/v2\/pages\/1137","targetHints":{"allow":["GET"]}}],"collection":[{"href":"https:\/\/astti.ch\/de\/wp-json\/wp\/v2\/pages"}],"about":[{"href":"https:\/\/astti.ch\/de\/wp-json\/wp\/v2\/types\/page"}],"author":[{"embeddable":true,"href":"https:\/\/astti.ch\/de\/wp-json\/wp\/v2\/users\/1"}],"replies":[{"embeddable":true,"href":"https:\/\/astti.ch\/de\/wp-json\/wp\/v2\/comments?post=1137"}],"version-history":[{"count":3,"href":"https:\/\/astti.ch\/de\/wp-json\/wp\/v2\/pages\/1137\/revisions"}],"predecessor-version":[{"id":215038,"href":"https:\/\/astti.ch\/de\/wp-json\/wp\/v2\/pages\/1137\/revisions\/215038"}],"wp:attachment":[{"href":"https:\/\/astti.ch\/de\/wp-json\/wp\/v2\/media?parent=1137"}],"curies":[{"name":"wp","href":"https:\/\/api.w.org\/{rel}","templated":true}]}}