{"id":1165,"date":"2022-02-03T10:16:02","date_gmt":"2022-02-03T10:16:02","guid":{"rendered":"https:\/\/astti.ch\/mentorat\/"},"modified":"2025-01-23T14:18:56","modified_gmt":"2025-01-23T14:18:56","slug":"mentorat","status":"publish","type":"page","link":"https:\/\/astti.ch\/de\/mentorat\/","title":{"rendered":"Mentorat"},"content":{"rendered":"<div class=\"vce-row-container\"><div class=\"vce-row vce-element--has-background vce-row--col-gap-30 banner_inside vce-row-equal-height vce-row-content--top\" data-vce-full-width=\"true\" id=\"el-390c945d\" data-vce-do-apply=\"all el-390c945d\"><div class=\"vce-content-background-container\"><div class=\"vce-asset-background-simple-container vce-visible-all-only vce-asset-background-simple--style-cover vce-asset-background-simple--position-center-center\"><div class=\"vce-asset-background-simple\">\n              <div class=\"vce-asset-background-simple-item vcv-lozad\" data-background-image=\"https:\/\/astti.ch\/wp-content\/uploads\/2021\/11\/AdobeStock_72116406-scaled.jpeg\"><\/div>\n              <noscript>\n                <div class=\"vce-asset-background-simple-item\" style=\"background-image: url(https:\/\/astti.ch\/wp-content\/uploads\/2021\/11\/AdobeStock_72116406-scaled.jpeg)\"><\/div>\n              <\/noscript>\n            <\/div><\/div><div class=\"vce-asset-color-gradient-container vce-visible-all-only\" data-vce-do-apply=\"gradient el-390c945d\"><\/div><\/div><div class=\"vce-row-content\" data-vce-element-content=\"true\"><div class=\"vce-col vce-col--md-auto vce-col--xs-1 vce-col--xs-last vce-col--xs-first vce-col--sm-last vce-col--sm-first vce-col--md-last vce-col--lg-last vce-col--xl-last vce-col--md-first vce-col--lg-first vce-col--xl-first\" id=\"el-c8c54f99\"><div class=\"vce-col-inner\" data-vce-do-apply=\"border margin background  el-c8c54f99\"><div class=\"vce-col-content\" data-vce-element-content=\"true\" data-vce-do-apply=\"padding el-c8c54f99\"><div class=\"vce-text-block\"><div class=\"vce-text-block-wrapper vce\" id=\"el-18abbe3f\" data-vce-do-apply=\"all el-18abbe3f\"><\/div><\/div><div class=\"vce-row-container\" data-vce-boxed-width=\"true\"><div class=\"vce-row vce-row--col-gap-30 vce-row-equal-height vce-row-content--top\" id=\"el-5f19be47\" data-vce-do-apply=\"all el-5f19be47\"><div class=\"vce-row-content\" data-vce-element-content=\"true\"><div class=\"vce-col vce-col--md-auto vce-col--xs-1 vce-col--xs-last vce-col--xs-first vce-col--sm-last vce-col--sm-first vce-col--md-last vce-col--lg-last vce-col--xl-last vce-col--md-first vce-col--lg-first vce-col--xl-first\" id=\"el-b5f58b63\"><div class=\"vce-col-inner\" data-vce-do-apply=\"border margin background  el-b5f58b63\"><div class=\"vce-col-content\" data-vce-element-content=\"true\" data-vce-do-apply=\"padding el-b5f58b63\"><div class=\"vcv-row-control-wrapper\"><\/div><\/div><\/div><\/div><\/div><\/div><\/div><\/div><\/div><\/div><\/div><\/div><\/div><div class=\"vce-row-container\" data-vce-boxed-width=\"true\"><div class=\"vce-row vce-row--col-gap-30 vce-row-equal-height vce-row-content--top\" id=\"el-5da07ff1\" data-vce-do-apply=\"all el-5da07ff1\"><div class=\"vce-row-content\" data-vce-element-content=\"true\"><div class=\"vce-col vce-col--md-66-66p vce-col--xs-1 vce-col--xs-last vce-col--xs-first vce-col--sm-last vce-col--sm-first vce-col--md-first vce-col--lg-first vce-col--xl-first\" id=\"el-586b9a7c\"><div class=\"vce-col-inner\" data-vce-do-apply=\"border margin background  el-586b9a7c\"><div class=\"vce-content-background-container\"><\/div><div class=\"vce-col-content\" data-vce-element-content=\"true\" data-vce-do-apply=\"padding el-586b9a7c\"><div class=\"vce-text-block block-white\"><div class=\"vce-text-block-wrapper vce\" id=\"el-405e6e7f\" data-vce-do-apply=\"all el-405e6e7f\"><h1>Mentorat<\/h1><\/div><\/div><\/div><\/div><\/div><div class=\"vce-col vce-col--md-33-34p vce-col--xs-1 vce-col--xs-last vce-col--xs-first vce-col--sm-last vce-col--sm-first vce-col--md-last vce-col--lg-last vce-col--xl-last\" id=\"el-1cb551b2\"><div class=\"vce-col-inner\" data-vce-do-apply=\"border margin background  el-1cb551b2\"><div class=\"vce-col-content\" data-vce-element-content=\"true\" data-vce-do-apply=\"padding el-1cb551b2\"><div class=\"vcv-row-control-wrapper\"><\/div><\/div><\/div><\/div><\/div><\/div><\/div><div class=\"vce-row-container\" data-vce-boxed-width=\"true\"><div class=\"vce-row vce-row--col-gap-30 vce-row-equal-height vce-row-content--top\" id=\"el-fe327f54\" data-vce-do-apply=\"all el-fe327f54\"><div class=\"vce-content-background-container\"><\/div><div class=\"vce-row-content\" data-vce-element-content=\"true\"><div class=\"vce-col vce-col--md-66-66p vce-col--xs-1 vce-col--xs-last vce-col--xs-first vce-col--sm-last vce-col--sm-first vce-col--md-first vce-col--lg-first vce-col--xl-first\" id=\"el-d6aebe25\"><div class=\"vce-col-inner\" data-vce-do-apply=\"border margin background  el-d6aebe25\"><div class=\"vce-col-content\" data-vce-element-content=\"true\" data-vce-do-apply=\"padding el-d6aebe25\"><div class=\"vce-text-block\"><div class=\"vce-text-block-wrapper vce\" id=\"el-6eecf7b1\" data-vce-do-apply=\"all el-6eecf7b1\"><p>Die meisten von uns kennen das doch: Die Ausbildung ist beendet und stolz nimmt man das Diplom entgegen. Schon tauchen aber die ersten Fragen auf: <br>Was jetzt? Mache ich mich selbst\u00e4ndig oder suche ich eine Anstellung? Wie f\u00fclle ich die Steuererkl\u00e4rung aus? Wie akquiriere ich die ersten Kundinnen? Was mache ich, wenn ein Kunde unzufrieden ist?<br><br>Als Angestellte haben Berufsanf\u00e4ngerinnen und -anf\u00e4nger Vorgesetzte, die sie w\u00e4hrend der ganzen Einarbeitungsphase begleiten und informieren. Wer jedoch selbst\u00e4ndig erwerbend sein will, steht oft alleine da. Genau hier setzt das Mentoring-Programm an.<br><br>Mitglieder, die eine selbst\u00e4ndige Erwerbst\u00e4tigkeit aufnehmen, werden ein Jahr lang von einer aktiven und erfahrenen Kollegin oder einem Kollegen begleitet. Diese\/r hilft ihnen, die nicht immer offensichtlichen H\u00fcrden zu meistern. <br><br>Davon profitieren beide Seiten: Berufsanf\u00e4ngerinnen und -anf\u00e4nger erhalten eine kompetente Ansprechperson, die ihre Fragen beantworten kann. Umgekehrt bringt der Kontakt mit den Neulingen frischen Wind in die Berufspraxis der erfahreneren Mitglieder: Nichts muss, aber alles kann in Frage gestellt werden. Dieser Zusammenarbeit entspringen oft neue Ideen.<br><br>Bitte richten Sie Ihre Anfragen an folgende E-Mail-Adresse : <a href=\"mailto:mentoring@astti.ch\">mentoring@astti.ch<\/a><\/p><\/div><\/div><\/div><\/div><\/div><div class=\"vce-col vce-col--md-33-34p vce-col--xs-1 vce-col--xs-last vce-col--xs-first vce-col--sm-last vce-col--sm-first vce-col--md-last vce-col--lg-last vce-col--xl-last\" id=\"el-4838f676\"><div class=\"vce-col-inner\" data-vce-do-apply=\"border margin background  el-4838f676\"><div class=\"vce-col-content\" data-vce-element-content=\"true\" data-vce-do-apply=\"padding el-4838f676\"><div class=\"vcv-row-control-wrapper\"><\/div><\/div><\/div><\/div><\/div><\/div><\/div>","protected":false},"excerpt":{"rendered":"<p>MentoratDie meisten von uns kennen das doch: Die Ausbildung ist beendet und stolz nimmt man das Diplom entgegen. Schon tauchen aber die ersten Fragen auf: Was jetzt? Mache ich mich selbst\u00e4ndig oder suche ich eine Anstellung? Wie f\u00fclle ich die Steuererkl\u00e4rung aus? Wie akquiriere ich die ersten Kundinnen? Was mache ich, wenn ein Kunde unzufrieden [&hellip;]<\/p>\n","protected":false},"author":1,"featured_media":0,"parent":0,"menu_order":0,"comment_status":"closed","ping_status":"closed","template":"","meta":{"inline_featured_image":false,"footnotes":""},"class_list":["post-1165","page","type-page","status-publish","hentry"],"acf":[],"_links":{"self":[{"href":"https:\/\/astti.ch\/de\/wp-json\/wp\/v2\/pages\/1165","targetHints":{"allow":["GET"]}}],"collection":[{"href":"https:\/\/astti.ch\/de\/wp-json\/wp\/v2\/pages"}],"about":[{"href":"https:\/\/astti.ch\/de\/wp-json\/wp\/v2\/types\/page"}],"author":[{"embeddable":true,"href":"https:\/\/astti.ch\/de\/wp-json\/wp\/v2\/users\/1"}],"replies":[{"embeddable":true,"href":"https:\/\/astti.ch\/de\/wp-json\/wp\/v2\/comments?post=1165"}],"version-history":[{"count":4,"href":"https:\/\/astti.ch\/de\/wp-json\/wp\/v2\/pages\/1165\/revisions"}],"predecessor-version":[{"id":211127,"href":"https:\/\/astti.ch\/de\/wp-json\/wp\/v2\/pages\/1165\/revisions\/211127"}],"wp:attachment":[{"href":"https:\/\/astti.ch\/de\/wp-json\/wp\/v2\/media?parent=1165"}],"curies":[{"name":"wp","href":"https:\/\/api.w.org\/{rel}","templated":true}]}}