{"id":210204,"date":"2024-10-17T09:16:18","date_gmt":"2024-10-17T09:16:18","guid":{"rendered":"https:\/\/astti.ch\/projektunterstuetzung\/"},"modified":"2024-10-21T12:51:29","modified_gmt":"2024-10-21T12:51:29","slug":"projektunterstuetzung","status":"publish","type":"page","link":"https:\/\/astti.ch\/de\/projektunterstuetzung\/","title":{"rendered":"Projektunterst\u00fctzung"},"content":{"rendered":"<div class=\"vce-row-container\"><div class=\"vce-row vce-element--has-background vce-row--col-gap-30 banner_inside vce-row-equal-height vce-row-content--top\" data-vce-full-width=\"true\" id=\"el-390c945d\" data-vce-do-apply=\"all el-390c945d\"><div class=\"vce-content-background-container\"><div class=\"vce-asset-background-simple-container vce-visible-all-only vce-asset-background-simple--style-cover vce-asset-background-simple--position-center-center\"><div class=\"vce-asset-background-simple\">\n              <div class=\"vce-asset-background-simple-item vcv-lozad\" data-background-image=\"https:\/\/astti.ch\/wp-content\/uploads\/2021\/11\/AdobeStock_72116406-scaled.jpeg\"><\/div>\n              <noscript>\n                <div class=\"vce-asset-background-simple-item\" style=\"background-image: url(https:\/\/astti.ch\/wp-content\/uploads\/2021\/11\/AdobeStock_72116406-scaled.jpeg)\"><\/div>\n              <\/noscript>\n            <\/div><\/div><div class=\"vce-asset-color-gradient-container vce-visible-all-only\" data-vce-do-apply=\"gradient el-390c945d\"><\/div><\/div><div class=\"vce-row-content\" data-vce-element-content=\"true\"><div class=\"vce-col vce-col--md-auto vce-col--xs-1 vce-col--xs-last vce-col--xs-first vce-col--sm-last vce-col--sm-first vce-col--md-last vce-col--lg-last vce-col--xl-last vce-col--md-first vce-col--lg-first vce-col--xl-first\" id=\"el-c8c54f99\"><div class=\"vce-col-inner\" data-vce-do-apply=\"border margin background  el-c8c54f99\"><div class=\"vce-col-content\" data-vce-element-content=\"true\" data-vce-do-apply=\"padding el-c8c54f99\"><div class=\"vce-text-block\"><div class=\"vce-text-block-wrapper vce\" id=\"el-18abbe3f\" data-vce-do-apply=\"all el-18abbe3f\"><\/div><\/div><div class=\"vce-row-container\" data-vce-boxed-width=\"true\"><div class=\"vce-row vce-row--col-gap-30 vce-row-equal-height vce-row-content--top\" id=\"el-5f19be47\" data-vce-do-apply=\"all el-5f19be47\"><div class=\"vce-row-content\" data-vce-element-content=\"true\"><div class=\"vce-col vce-col--md-auto vce-col--xs-1 vce-col--xs-last vce-col--xs-first vce-col--sm-last vce-col--sm-first vce-col--md-last vce-col--lg-last vce-col--xl-last vce-col--md-first vce-col--lg-first vce-col--xl-first\" id=\"el-b5f58b63\"><div class=\"vce-col-inner\" data-vce-do-apply=\"border margin background  el-b5f58b63\"><div class=\"vce-col-content\" data-vce-element-content=\"true\" data-vce-do-apply=\"padding el-b5f58b63\"><div class=\"vcv-row-control-wrapper\"><\/div><\/div><\/div><\/div><\/div><\/div><\/div><\/div><\/div><\/div><\/div><\/div><\/div><div class=\"vce-row-container\" data-vce-boxed-width=\"true\"><div class=\"vce-row vce-row--col-gap-30 vce-row-equal-height vce-row-content--top\" id=\"el-5da07ff1\" data-vce-do-apply=\"all el-5da07ff1\"><div class=\"vce-row-content\" data-vce-element-content=\"true\"><div class=\"vce-col vce-col--md-66-66p vce-col--xs-1 vce-col--xs-last vce-col--xs-first vce-col--sm-last vce-col--sm-first vce-col--md-first vce-col--lg-first vce-col--xl-first\" id=\"el-586b9a7c\"><div class=\"vce-col-inner\" data-vce-do-apply=\"border margin background  el-586b9a7c\"><div class=\"vce-content-background-container\"><\/div><div class=\"vce-col-content\" data-vce-element-content=\"true\" data-vce-do-apply=\"padding el-586b9a7c\"><div class=\"vce-text-block block-white\"><div class=\"vce-text-block-wrapper vce\" id=\"el-405e6e7f\" data-vce-do-apply=\"all el-405e6e7f\"><h1>Gesuch zur finanziellen Unterst\u00fctzung eines Projekts<\/h1><\/div><\/div><\/div><\/div><\/div><div class=\"vce-col vce-col--md-33-34p vce-col--xs-1 vce-col--xs-last vce-col--xs-first vce-col--sm-last vce-col--sm-first vce-col--md-last vce-col--lg-last vce-col--xl-last\" id=\"el-1cb551b2\"><div class=\"vce-col-inner\" data-vce-do-apply=\"border margin background  el-1cb551b2\"><div class=\"vce-col-content\" data-vce-element-content=\"true\" data-vce-do-apply=\"padding el-1cb551b2\"><div class=\"vcv-row-control-wrapper\"><\/div><\/div><\/div><\/div><\/div><\/div><\/div><div class=\"vce-row-container\" data-vce-boxed-width=\"true\"><div class=\"vce-row vce-row--col-gap-30 vce-row-equal-height vce-row-content--top\" id=\"el-fe327f54\" data-vce-do-apply=\"all el-fe327f54\"><div class=\"vce-content-background-container\"><\/div><div class=\"vce-row-content\" data-vce-element-content=\"true\"><div class=\"vce-col vce-col--md-66-66p vce-col--xs-1 vce-col--xs-last vce-col--xs-first vce-col--sm-last vce-col--sm-first vce-col--md-first vce-col--lg-first vce-col--xl-first\" id=\"el-d6aebe25\"><div class=\"vce-col-inner\" data-vce-do-apply=\"border margin background  el-d6aebe25\"><div class=\"vce-col-content\" data-vce-element-content=\"true\" data-vce-do-apply=\"padding el-d6aebe25\"><div class=\"vce-text-block\"><div class=\"vce-text-block-wrapper vce\" id=\"el-6eecf7b1\" data-vce-do-apply=\"all el-6eecf7b1\"><div>\n<div>Der ASTTI unterst\u00fctzt mit CHF 500.\u2013 pro Jahr eine Bachelor-, Master- bzw. Doktorarbeit mit Bezug zum Markt f\u00fcr \u00dcbersetzen, Terminologie und Dolmetschen (mit Praxisbezug, z. B. Marktforschungsarbeit, Umfrage). Der ASTTI unterst\u00fctzt nur ein Projekt pro Jahr. Der Entscheid liegt beim Vorstand und ist nicht anfechtbar.<\/div>\n<br><b>Bedingungen:<\/b><br><br>Der\/die Gesuchstellende muss das von ASTTI ausgew\u00e4hlte und finanziell unterst\u00fctzte Projekt an einer ASTTI-Veranstaltung pr\u00e4sentieren (z. B. Generalversammlung, Jahreskongress \u00e9quivalences, Regionalgruppentreffen usw.).<br><br>Der\/die Gesuchstellende kann, muss aber nicht zwingend ASTTI-Mitglied sein.<\/div>\n<div>&nbsp;<\/div>\n<div>F\u00fcllen Sie <a href=\"https:\/\/forms.office.com\/r\/BZE8Ju3Jfp\" target=\"_blank\" rel=\"noopener\">hier<\/a> das Gesuchsformular aus.&nbsp;<\/div><\/div><\/div><\/div><\/div><\/div><div class=\"vce-col vce-col--md-33-34p vce-col--xs-1 vce-col--xs-last vce-col--xs-first vce-col--sm-last vce-col--sm-first vce-col--md-last vce-col--lg-last vce-col--xl-last\" id=\"el-4838f676\"><div class=\"vce-col-inner\" data-vce-do-apply=\"border margin background  el-4838f676\"><div class=\"vce-col-content\" data-vce-element-content=\"true\" data-vce-do-apply=\"padding el-4838f676\"><div class=\"vcv-row-control-wrapper\"><\/div><\/div><\/div><\/div><\/div><\/div><\/div>","protected":false},"excerpt":{"rendered":"<p>Gesuch zur finanziellen Unterst\u00fctzung eines Projekts Der ASTTI unterst\u00fctzt mit CHF 500.\u2013 pro Jahr eine Bachelor-, Master- bzw. Doktorarbeit mit Bezug zum Markt f\u00fcr \u00dcbersetzen, Terminologie und Dolmetschen (mit Praxisbezug, z. B. Marktforschungsarbeit, Umfrage). Der ASTTI unterst\u00fctzt nur ein Projekt pro Jahr. Der Entscheid liegt beim Vorstand und ist nicht anfechtbar. Bedingungen:Der\/die Gesuchstellende muss das [&hellip;]<\/p>\n","protected":false},"author":380,"featured_media":0,"parent":0,"menu_order":0,"comment_status":"closed","ping_status":"closed","template":"","meta":{"inline_featured_image":false,"footnotes":""},"class_list":["post-210204","page","type-page","status-publish","hentry"],"acf":[],"_links":{"self":[{"href":"https:\/\/astti.ch\/de\/wp-json\/wp\/v2\/pages\/210204","targetHints":{"allow":["GET"]}}],"collection":[{"href":"https:\/\/astti.ch\/de\/wp-json\/wp\/v2\/pages"}],"about":[{"href":"https:\/\/astti.ch\/de\/wp-json\/wp\/v2\/types\/page"}],"author":[{"embeddable":true,"href":"https:\/\/astti.ch\/de\/wp-json\/wp\/v2\/users\/380"}],"replies":[{"embeddable":true,"href":"https:\/\/astti.ch\/de\/wp-json\/wp\/v2\/comments?post=210204"}],"version-history":[{"count":3,"href":"https:\/\/astti.ch\/de\/wp-json\/wp\/v2\/pages\/210204\/revisions"}],"predecessor-version":[{"id":210282,"href":"https:\/\/astti.ch\/de\/wp-json\/wp\/v2\/pages\/210204\/revisions\/210282"}],"wp:attachment":[{"href":"https:\/\/astti.ch\/de\/wp-json\/wp\/v2\/media?parent=210204"}],"curies":[{"name":"wp","href":"https:\/\/api.w.org\/{rel}","templated":true}]}}