{"id":200418,"date":"2023-01-25T07:56:28","date_gmt":"2023-01-25T07:56:28","guid":{"rendered":"https:\/\/astti.ch\/produit\/teilnahme-genervalversammlung\/"},"modified":"2023-03-30T06:44:36","modified_gmt":"2023-03-30T06:44:36","slug":"anmeldung-generalversammlung","status":"publish","type":"product","link":"https:\/\/astti.ch\/de\/produit\/anmeldung-generalversammlung\/","title":{"rendered":"Anmeldung Generalversammlung 2023"},"content":{"rendered":"\n","protected":false},"excerpt":{"rendered":"<p><span lang=\"DE-CH\">Anmeldung f\u00fcr die Generalversammlung 2023 des ASTTI<\/span><\/p>\n<p><span lang=\"DE-CH\">Die Generalversammlung findet am 29.4.2023 um 14:15 Uhr im Kongresszentrum Kreuz in Bern statt. Sie ist offen f\u00fcr alle ASTTI-Mitglieder.\u00a0<\/span><\/p>\n<p><span lang=\"DE-CH\">Wenn Sie sich f\u00fcr die Generalversammlung anmelden m\u00f6chten, bitten wir Sie, dieses Produkt in den Warenkorb zu legen und zu \u00abkaufen\u00bb. So erh\u00e4lt das Sekretariat Ihre Anmeldung. Die Teilnahme an der Generalversammlung ist nat\u00fcrlich kostenlos! Sie erhalten eine Best\u00e4tigungsmail. Sollten Sie diese nicht erhalten, \u00fcberpr\u00fcfen Sie bitte Ihren Spam-Ordner.<\/span><\/p>\n<p><span lang=\"DE-CH\">Die Anmeldefrist l\u00e4uft noch bis zum 20.4.2023.<\/span><\/p>\n<p><span lang=\"DE-CH\">Bitte teilen Sie uns bei Ihrer Anmeldung mit, ob Sie am anschliessenden Abendessen ebenfalls teilnehmen werden.<\/span><\/p>\n<p><span lang=\"DE-CH\">Sie haben die Wahl zwischen einem Fleisch-Men\u00fc, einem Fisch-Men\u00fc und einem vegetarischen Men\u00fc. N\u00e4here Angaben dazu finden Sie in der Einladung, die Sie per Post erhalten haben.<\/span><\/p>\n<h4>OPTIONEN<\/h4>\n","protected":false},"featured_media":702,"template":"","meta":{"inline_featured_image":false},"product_brand":[],"product_cat":[318,268],"product_tag":[],"class_list":{"0":"post-200418","1":"product","2":"type-product","3":"status-publish","4":"has-post-thumbnail","6":"product_cat-membres-de","7":"product_cat-veranstaltungen","9":"first","10":"instock","11":"shipping-taxable","12":"purchasable","13":"product-type-simple"},"acf":[],"_links":{"self":[{"href":"https:\/\/astti.ch\/de\/wp-json\/wp\/v2\/product\/200418","targetHints":{"allow":["GET"]}}],"collection":[{"href":"https:\/\/astti.ch\/de\/wp-json\/wp\/v2\/product"}],"about":[{"href":"https:\/\/astti.ch\/de\/wp-json\/wp\/v2\/types\/product"}],"wp:featuredmedia":[{"embeddable":true,"href":"https:\/\/astti.ch\/de\/wp-json\/wp\/v2\/media\/702"}],"wp:attachment":[{"href":"https:\/\/astti.ch\/de\/wp-json\/wp\/v2\/media?parent=200418"}],"wp:term":[{"taxonomy":"product_brand","embeddable":true,"href":"https:\/\/astti.ch\/de\/wp-json\/wp\/v2\/product_brand?post=200418"},{"taxonomy":"product_cat","embeddable":true,"href":"https:\/\/astti.ch\/de\/wp-json\/wp\/v2\/product_cat?post=200418"},{"taxonomy":"product_tag","embeddable":true,"href":"https:\/\/astti.ch\/de\/wp-json\/wp\/v2\/product_tag?post=200418"}],"curies":[{"name":"wp","href":"https:\/\/api.w.org\/{rel}","templated":true}]}}