{"id":206551,"date":"2024-03-12T15:18:13","date_gmt":"2024-03-12T15:18:13","guid":{"rendered":"https:\/\/astti.ch\/?post_type=product&#038;p=206551"},"modified":"2024-08-16T08:50:56","modified_gmt":"2024-08-16T08:50:56","slug":"sommeruniversitat-freitag","status":"publish","type":"product","link":"https:\/\/astti.ch\/de\/produit\/sommeruniversitat-freitag\/","title":{"rendered":"Sommeruniversit\u00e4t, Freitag"},"content":{"rendered":"<p>Dieses 1-Tages-Ticket ist f\u00fcr den dritten Tag der Sommeruniversit\u00e4t (5. Juli 2024) g\u00fcltig.<\/p>\n<p>Inkludiert ist die Teilnahme an den Pr\u00e4sentationen, Workshops und Translation Slams an diesem Tag sowie das Mittagessen und die Kaffeepausen.<\/p>\n<p>Mitglieder von Partnerverb\u00e4nden (FIT-Verb\u00e4nde, D\u00dcV, juslingua etc.) profitieren ebenfalls vom Mitgliederpreis.<\/p>\n","protected":false},"excerpt":{"rendered":"<p>Dieses 1-Tages-Ticket ist f\u00fcr den dritten Tag der Sommeruniversit\u00e4t (5. Juli 2024) g\u00fcltig. Inkludiert ist die Teilnahme an den Pr\u00e4sentationen, Workshops und Translation Slams an diesem Tag sowie das Mittagessen und die Kaffeepausen. Mitglieder von Partnerverb\u00e4nden (FIT-Verb\u00e4nde, D\u00dcV, juslingua etc.) profitieren ebenfalls vom Mitgliederpreis.<\/p>\n","protected":false},"featured_media":206428,"template":"","meta":{"inline_featured_image":false},"product_brand":[],"product_cat":[413],"product_tag":[],"class_list":{"0":"post-206551","1":"product","2":"type-product","3":"status-publish","4":"has-post-thumbnail","6":"product_cat-ftsc2024-de","8":"first","9":"instock","10":"shipping-taxable","11":"purchasable","12":"product-type-variable"},"acf":[],"_links":{"self":[{"href":"https:\/\/astti.ch\/de\/wp-json\/wp\/v2\/product\/206551","targetHints":{"allow":["GET"]}}],"collection":[{"href":"https:\/\/astti.ch\/de\/wp-json\/wp\/v2\/product"}],"about":[{"href":"https:\/\/astti.ch\/de\/wp-json\/wp\/v2\/types\/product"}],"wp:featuredmedia":[{"embeddable":true,"href":"https:\/\/astti.ch\/de\/wp-json\/wp\/v2\/media\/206428"}],"wp:attachment":[{"href":"https:\/\/astti.ch\/de\/wp-json\/wp\/v2\/media?parent=206551"}],"wp:term":[{"taxonomy":"product_brand","embeddable":true,"href":"https:\/\/astti.ch\/de\/wp-json\/wp\/v2\/product_brand?post=206551"},{"taxonomy":"product_cat","embeddable":true,"href":"https:\/\/astti.ch\/de\/wp-json\/wp\/v2\/product_cat?post=206551"},{"taxonomy":"product_tag","embeddable":true,"href":"https:\/\/astti.ch\/de\/wp-json\/wp\/v2\/product_tag?post=206551"}],"curies":[{"name":"wp","href":"https:\/\/api.w.org\/{rel}","templated":true}]}}