{"id":206581,"date":"2024-03-12T15:18:10","date_gmt":"2024-03-12T15:18:10","guid":{"rendered":"https:\/\/astti.ch\/?post_type=product&#038;p=206581"},"modified":"2024-08-16T08:51:23","modified_gmt":"2024-08-16T08:51:23","slug":"sommeruniversitat-3-tage","status":"publish","type":"product","link":"https:\/\/astti.ch\/de\/produit\/sommeruniversitat-3-tage\/","title":{"rendered":"Sommeruniversit\u00e4t, Mittwoch-Freitag"},"content":{"rendered":"<p>Dieses 3-Tages-Ticket ist f\u00fcr die gesamte Sommeruniversit\u00e4t (3.\u20135.\u00a0Juli\u00a02024) g\u00fcltig.<\/p>\n<p>Inkludiert ist die Teilnahme an allen Pr\u00e4sentationen, Workshops und Translation Slams w\u00e4hrend der drei Tage sowie Mittagessen und Kaffeepausen.<\/p>\n<p>Mitglieder von Partnerverb\u00e4nden (FIT-Verb\u00e4nde, D\u00dcV, juslingua etc.) profitieren ebenfalls vom Mitgliederpreis.<\/p>\n","protected":false},"excerpt":{"rendered":"<p>Dieses 3-Tages-Ticket ist f\u00fcr die gesamte Sommeruniversit\u00e4t (3.\u20135.\u00a0Juli\u00a02024) g\u00fcltig. Inkludiert ist die Teilnahme an allen Pr\u00e4sentationen, Workshops und Translation Slams w\u00e4hrend der drei Tage sowie Mittagessen und Kaffeepausen. Mitglieder von Partnerverb\u00e4nden (FIT-Verb\u00e4nde, D\u00dcV, juslingua etc.) profitieren ebenfalls vom Mitgliederpreis.<\/p>\n","protected":false},"featured_media":206432,"template":"","meta":{"inline_featured_image":false},"product_brand":[],"product_cat":[413],"product_tag":[],"class_list":{"0":"post-206581","1":"product","2":"type-product","3":"status-publish","4":"has-post-thumbnail","6":"product_cat-ftsc2024-de","8":"first","9":"instock","10":"shipping-taxable","11":"purchasable","12":"product-type-variable"},"acf":[],"_links":{"self":[{"href":"https:\/\/astti.ch\/de\/wp-json\/wp\/v2\/product\/206581","targetHints":{"allow":["GET"]}}],"collection":[{"href":"https:\/\/astti.ch\/de\/wp-json\/wp\/v2\/product"}],"about":[{"href":"https:\/\/astti.ch\/de\/wp-json\/wp\/v2\/types\/product"}],"wp:featuredmedia":[{"embeddable":true,"href":"https:\/\/astti.ch\/de\/wp-json\/wp\/v2\/media\/206432"}],"wp:attachment":[{"href":"https:\/\/astti.ch\/de\/wp-json\/wp\/v2\/media?parent=206581"}],"wp:term":[{"taxonomy":"product_brand","embeddable":true,"href":"https:\/\/astti.ch\/de\/wp-json\/wp\/v2\/product_brand?post=206581"},{"taxonomy":"product_cat","embeddable":true,"href":"https:\/\/astti.ch\/de\/wp-json\/wp\/v2\/product_cat?post=206581"},{"taxonomy":"product_tag","embeddable":true,"href":"https:\/\/astti.ch\/de\/wp-json\/wp\/v2\/product_tag?post=206581"}],"curies":[{"name":"wp","href":"https:\/\/api.w.org\/{rel}","templated":true}]}}