{"id":206602,"date":"2024-03-12T15:18:06","date_gmt":"2024-03-12T15:18:06","guid":{"rendered":"https:\/\/astti.ch\/?post_type=product&#038;p=206602"},"modified":"2024-08-16T08:52:14","modified_gmt":"2024-08-16T08:52:14","slug":"sommeruniversitat-dinnerbootsfahrt-donnerstag","status":"publish","type":"product","link":"https:\/\/astti.ch\/de\/produit\/sommeruniversitat-dinnerbootsfahrt-donnerstag\/","title":{"rendered":"Sommeruniversit\u00e4t, Dinnerbootsfahrt, Donnerstag"},"content":{"rendered":"<p>Dieses Einzelanlassticket ist f\u00fcr die exklusive Dinnerbootsfahrt auf dem Thunersee am zweiten Abend der Sommerkonferenz g\u00fcltig (4.\u00a0Juli 2024, 19\u201322\u00a0Uhr).<\/p>\n<p>Inkludiert sind die Bootsfahrt sowie ein k\u00f6stliches 3-Gang-Men\u00fc (exkl. Getr\u00e4nke).<\/p>\n","protected":false},"excerpt":{"rendered":"<p>Dieses Einzelanlassticket ist f\u00fcr die exklusive Dinnerbootsfahrt auf dem Thunersee am zweiten Abend der Sommerkonferenz g\u00fcltig (4.\u00a0Juli 2024, 19\u201322\u00a0Uhr). Inkludiert sind die Bootsfahrt sowie ein k\u00f6stliches 3-Gang-Men\u00fc (exkl. Getr\u00e4nke).<\/p>\n","protected":false},"featured_media":206445,"template":"","meta":{"inline_featured_image":false},"product_brand":[],"product_cat":[413],"product_tag":[],"class_list":{"0":"post-206602","1":"product","2":"type-product","3":"status-publish","4":"has-post-thumbnail","6":"product_cat-ftsc2024-de","8":"first","9":"instock","10":"shipping-taxable","11":"purchasable","12":"product-type-variable"},"acf":[],"_links":{"self":[{"href":"https:\/\/astti.ch\/de\/wp-json\/wp\/v2\/product\/206602","targetHints":{"allow":["GET"]}}],"collection":[{"href":"https:\/\/astti.ch\/de\/wp-json\/wp\/v2\/product"}],"about":[{"href":"https:\/\/astti.ch\/de\/wp-json\/wp\/v2\/types\/product"}],"wp:featuredmedia":[{"embeddable":true,"href":"https:\/\/astti.ch\/de\/wp-json\/wp\/v2\/media\/206445"}],"wp:attachment":[{"href":"https:\/\/astti.ch\/de\/wp-json\/wp\/v2\/media?parent=206602"}],"wp:term":[{"taxonomy":"product_brand","embeddable":true,"href":"https:\/\/astti.ch\/de\/wp-json\/wp\/v2\/product_brand?post=206602"},{"taxonomy":"product_cat","embeddable":true,"href":"https:\/\/astti.ch\/de\/wp-json\/wp\/v2\/product_cat?post=206602"},{"taxonomy":"product_tag","embeddable":true,"href":"https:\/\/astti.ch\/de\/wp-json\/wp\/v2\/product_tag?post=206602"}],"curies":[{"name":"wp","href":"https:\/\/api.w.org\/{rel}","templated":true}]}}