{"id":215868,"date":"2025-09-24T06:46:12","date_gmt":"2025-09-24T06:46:12","guid":{"rendered":"https:\/\/astti.ch\/?post_type=product&#038;p=215868"},"modified":"2025-11-14T04:49:14","modified_gmt":"2025-11-14T04:49:14","slug":"equivalences-2025-anmeldung","status":"publish","type":"product","link":"https:\/\/astti.ch\/de\/produit\/equivalences-2025-anmeldung\/","title":{"rendered":"\u00c9QUIVALENCES 2025 (de)"},"content":{"rendered":"<div class=\"vce-row-container\" data-vce-boxed-width=\"true\"><div class=\"vce-row vce-row--col-gap-30 vce-row-equal-height vce-row-content--top\" id=\"el-890a53dd\" data-vce-do-apply=\"all el-890a53dd\"><div class=\"vce-row-content\" data-vce-element-content=\"true\"><div class=\"vce-col vce-col--md-auto vce-col--xs-1 vce-col--xs-last vce-col--xs-first vce-col--sm-last vce-col--sm-first vce-col--md-last vce-col--lg-last vce-col--xl-last vce-col--md-first vce-col--lg-first vce-col--xl-first\" id=\"el-e098bd89\"><div class=\"vce-col-inner\" data-vce-do-apply=\"border margin background  el-e098bd89\"><div class=\"vce-col-content\" data-vce-element-content=\"true\" data-vce-do-apply=\"padding el-e098bd89\"><div class=\"vce-text-block\"><div class=\"vce-text-block-wrapper vce\" id=\"el-160af3f1\" data-vce-do-apply=\"all el-160af3f1\"><h2><span style=\"color: #800000;\"><em>\u00e9quivalences<\/em> 2025 \u2013 Bern \u2013 21.11.2025<\/span><\/h2><p>\ud83d\udde8\ufe0f Sprachberufe im Wandel \u2013 Chancen erkennen und nutzen<\/p><p>\ud83d\udde8\ufe0f Nos professions \u00e0 un tournant : comment en tirer profit ?<\/p><p>\ud83d\udde8\ufe0f Professioni linguistiche in evoluzione: tradurre i cambiamenti in opportunit\u00e0<\/p><p>\ud83d\udde8\ufe0f Seize opportunities in an evolving language industry<\/p><p>\ud83d\udcc5 Freitag, 21. November 2025<\/p><p>\ud83d\udccd Kursaal Bern<\/p><p><strong>Anmeldefrist<\/strong><\/p><p><span style=\"color: #000000;\">Die Anmeldungen sind geschlossen. Bitte wenden Sie sich an das Sekretariat unter <a style=\"color: #000000;\" href=\"mailto:astti@astti.ch\">astti@astti.ch<\/a>, falls Sie sich noch anmelden m\u00f6chten.<\/span><\/p><p><strong>Kosten<br><\/strong><\/p><ul><li>ASTTI-Mitglieder: CHF 250.\u2013 (\u20ac 270)<\/li><li>Nicht-Mitglieder: CHF 390.\u2013 (\u20ac 420)<\/li><li>Studentische ASTTI-Mitglieder: CHF 130.\u2013 (\u20ac 140)<\/li><li>Studentische Nicht-Mitglieder: CHF 170.\u2013 (\u20ac 180)<\/li><\/ul><p>Bitte w\u00e4hlen Sie die Option \u00abASTTI-Mitglied (berufst\u00e4tig assoziiert oder zertifiziert\u00bb, falls Sie Mitglied eines nationalen oder internationalen Schwesterverbands (z.B. FIT-Mitgliederverband) sind, der Anspruch auf verg\u00fcnstigte Tarife hat, und geben Sie auf der n\u00e4chsten Formularseite unter \u00abZus\u00e4tzliche Informationen \u2013<strong> Anmerkungen zur Bestellung\u00bb den Namen Ihres Verbands an.<\/strong><\/p><p><strong>Willkommen zu \u00e9quivalences 2025<\/strong><br>Am 21. November 2025 l\u00e4dt der ASTTI zur beliebten Herbsttagung \u00e9quivalences in den Kursaal Bern ein. Der Anlass hat sich l\u00e4ngst als Treffpunkt f\u00fcr Sprachprofis aus dem In- und Ausland etabliert \u2013 ein Ort zum Netzwerken, Weiterbilden und Diskutieren \u00fcber die Zukunft unserer Branche.<\/p><p><strong>Chancen erkennen und nutzen<br><\/strong>Unter dem Motto \u00abSprachberufe im Wandel \u2013 Chancen erkennen und nutzen\u00bb werfen wir gemeinsam einen Blick auf die tiefgreifenden Ver\u00e4nderungen in unserer Berufswelt. Neue T\u00e4tigkeitsfelder f\u00fcr \u00dcbersetzerinnen und \u00dcbersetzer, Dolmetscherinnen und Dolmetscher, der sinnvolle Einsatz von k\u00fcnstlicher Intelligenz als Werkzeug im Alltag, aber auch Fragen rund um Sichtbarkeit, Kompetenzprofile und Verg\u00fctung stehen im Zentrum der diesj\u00e4hrigen Ausgabe.<\/p><p>Welche M\u00f6glichkeiten er\u00f6ffnen sich jenseits des klassischen \u00dcbersetzens und Dolmetschens? Welche Skills werden in Zukunft unverzichtbar sein? Und wie k\u00f6nnen wir Technologien wie KI so einsetzen, dass sie unsere Arbeit erweitern \u2013 und nicht ersetzen?<\/p><p><strong>Inspiration und Austausch<br><\/strong>Hochkar\u00e4tige Referentinnen und Referenten beleuchten aktuelle Themen unserer Branche \u2013 aus Forschung ebenso wie aus der Praxis. Neben spannenden Vortr\u00e4gen erwartet die Teilnehmenden auch eine Diskussionsrunde mit Expertinnen und Experten sowie viele Gelegenheiten zum Austausch beim Kaffee und Stehlunch.<\/p><p><strong>Programm<br><\/strong>Von inspirierenden Keynotes bis zur Diskussionsrunde am Ende des Tages: Das Programm bietet unterschiedliche Perspektiven auf die Sprachberufe im Wandel. Hier die einzelnen Beitr\u00e4ge im \u00dcberblick.<\/p><ul><li style=\"list-style-type: none;\"><ul><li><a href=\"https:\/\/astti.ch\/wp-content\/uploads\/2025\/11\/Programm_DE.pdf\" target=\"_blank\" rel=\"noopener\">Das Programm herunterladen<\/a><\/li><li><a href=\"https:\/\/astti.ch\/wp-content\/uploads\/2025\/10\/equivalences_Kurzbio_DE.pdf\">Referierende und Beitr\u00e4ge<\/a><\/li><li><a href=\"https:\/\/astti.ch\/de\/brouillon-auto\/\" target=\"_blank\" rel=\"noopener\">Anmelde- und Stornierungsbedingungen<\/a><\/li><\/ul><\/li><\/ul><\/div><\/div><\/div><\/div><\/div><\/div><\/div><\/div>\n","protected":false},"excerpt":{"rendered":"<p>\u00e9quivalences 2025 \u2013 Bern \u2013 21.11.2025\ud83d\udde8\ufe0f Sprachberufe im Wandel \u2013 Chancen erkennen und nutzen\ud83d\udde8\ufe0f Nos professions \u00e0 un tournant : comment en tirer profit ?\ud83d\udde8\ufe0f Professioni linguistiche in evoluzione: tradurre i cambiamenti in opportunit\u00e0\ud83d\udde8\ufe0f Seize opportunities in an evolving language industry\ud83d\udcc5 Freitag, 21. November 2025\ud83d\udccd Kursaal BernAnmeldefristDie Anmeldungen sind geschlossen. Bitte wenden Sie sich an [&hellip;]<\/p>\n","protected":false},"featured_media":215850,"template":"","meta":{"inline_featured_image":false},"product_brand":[],"product_cat":[901],"product_tag":[],"class_list":{"0":"post-215868","1":"product","2":"type-product","3":"status-publish","4":"has-post-thumbnail","6":"product_cat-equivalences-2025-2","8":"first","9":"outofstock","10":"shipping-taxable","11":"product-type-variable"},"acf":[],"_links":{"self":[{"href":"https:\/\/astti.ch\/de\/wp-json\/wp\/v2\/product\/215868","targetHints":{"allow":["GET"]}}],"collection":[{"href":"https:\/\/astti.ch\/de\/wp-json\/wp\/v2\/product"}],"about":[{"href":"https:\/\/astti.ch\/de\/wp-json\/wp\/v2\/types\/product"}],"wp:featuredmedia":[{"embeddable":true,"href":"https:\/\/astti.ch\/de\/wp-json\/wp\/v2\/media\/215850"}],"wp:attachment":[{"href":"https:\/\/astti.ch\/de\/wp-json\/wp\/v2\/media?parent=215868"}],"wp:term":[{"taxonomy":"product_brand","embeddable":true,"href":"https:\/\/astti.ch\/de\/wp-json\/wp\/v2\/product_brand?post=215868"},{"taxonomy":"product_cat","embeddable":true,"href":"https:\/\/astti.ch\/de\/wp-json\/wp\/v2\/product_cat?post=215868"},{"taxonomy":"product_tag","embeddable":true,"href":"https:\/\/astti.ch\/de\/wp-json\/wp\/v2\/product_tag?post=215868"}],"curies":[{"name":"wp","href":"https:\/\/api.w.org\/{rel}","templated":true}]}}