{"id":205767,"date":"2023-11-14T12:59:11","date_gmt":"2023-11-14T12:59:11","guid":{"rendered":"https:\/\/astti.ch\/?page_id=205767"},"modified":"2024-07-02T19:56:05","modified_gmt":"2024-07-02T19:56:05","slug":"universite-ete-2024","status":"publish","type":"page","link":"https:\/\/astti.ch\/en\/universite-ete-2024\/","title":{"rendered":"SUMMER CONFERENCE 2024"},"content":{"rendered":"<div class=\"vce-row-container\"><div class=\"vce-row vce-element--has-background vce-row--col-gap-30 banner_inside vce-row-equal-height vce-row-content--top\" data-vce-full-width=\"true\" id=\"el-30e5b2f9\" data-vce-do-apply=\"all el-30e5b2f9\"><div class=\"vce-content-background-container\"><div class=\"vce-asset-background-simple-container vce-visible-all-only vce-asset-background-simple--style-cover vce-asset-background-simple--position-center-center\"><div class=\"vce-asset-background-simple\">\n              <div class=\"vce-asset-background-simple-item vcv-lozad\" data-background-image=\"https:\/\/astti.ch\/wp-content\/uploads\/2021\/11\/AdobeStock_72116406-scaled.jpeg\"><\/div>\n              <noscript>\n                <div class=\"vce-asset-background-simple-item\" style=\"background-image: url(https:\/\/astti.ch\/wp-content\/uploads\/2021\/11\/AdobeStock_72116406-scaled.jpeg)\"><\/div>\n              <\/noscript>\n            <\/div><\/div><div class=\"vce-asset-color-gradient-container vce-visible-all-only\" data-vce-do-apply=\"gradient el-30e5b2f9\"><\/div><\/div><div class=\"vce-row-content\" data-vce-element-content=\"true\"><div class=\"vce-col vce-col--md-auto vce-col--xs-1 vce-col--xs-last vce-col--xs-first vce-col--sm-last vce-col--sm-first vce-col--md-last vce-col--lg-last vce-col--xl-last vce-col--md-first vce-col--lg-first vce-col--xl-first\" id=\"el-38580f08\"><div class=\"vce-col-inner\" data-vce-do-apply=\"border margin background  el-38580f08\"><div class=\"vce-col-content\" data-vce-element-content=\"true\" data-vce-do-apply=\"padding el-38580f08\"><div class=\"vce-text-block\"><div class=\"vce-text-block-wrapper vce\" id=\"el-61f01b54\" data-vce-do-apply=\"all el-61f01b54\"><\/div><\/div><div class=\"vce-row-container\" data-vce-boxed-width=\"true\"><div class=\"vce-row vce-row--col-gap-30 vce-row-equal-height vce-row-content--top\" id=\"el-d9c1b798\" data-vce-do-apply=\"all el-d9c1b798\"><div class=\"vce-row-content\" data-vce-element-content=\"true\"><div class=\"vce-col vce-col--md-auto vce-col--xs-1 vce-col--xs-last vce-col--xs-first vce-col--sm-last vce-col--sm-first vce-col--md-last vce-col--lg-last vce-col--xl-last vce-col--md-first vce-col--lg-first vce-col--xl-first\" id=\"el-9db08fc4\"><div class=\"vce-col-inner\" data-vce-do-apply=\"border margin background  el-9db08fc4\"><div class=\"vce-col-content\" data-vce-element-content=\"true\" data-vce-do-apply=\"padding el-9db08fc4\"><div><\/div><\/div><\/div><\/div><\/div><\/div><\/div><\/div><\/div><\/div><\/div><\/div><\/div><div class=\"vce-row-container\" data-vce-boxed-width=\"true\"><div class=\"vce-row vce-row--col-gap-30 vce-row-equal-height vce-row-content--top\" id=\"el-41b22d95\" data-vce-do-apply=\"all el-41b22d95\"><div class=\"vce-row-content\" data-vce-element-content=\"true\"><div class=\"vce-col vce-col--md-67p vce-col--xs-1 vce-col--xs-last vce-col--xs-first vce-col--sm-last vce-col--sm-first vce-col--md-first vce-col--lg-first vce-col--xl-first\" id=\"el-e702e4e5\"><div class=\"vce-col-inner\" data-vce-do-apply=\"border margin background  el-e702e4e5\"><div class=\"vce-content-background-container\"><\/div><div class=\"vce-col-content\" data-vce-element-content=\"true\" data-vce-do-apply=\"padding el-e702e4e5\"><div class=\"vce-text-block block-white\"><div class=\"vce-text-block-wrapper vce\" id=\"el-2d4485c5\" data-vce-do-apply=\"all el-2d4485c5\"><h1>Summer Conference 2024<\/h1>\n<h2><span style=\"color: #800000;\"><strong>3-5 July 2024 in Spiez, Hotel SEASIDE<\/strong><\/span><\/h2>\n<h2>ASTTI Financial Translation Summer Conference<\/h2><\/div><\/div><\/div><\/div><\/div><div class=\"vce-col vce-col--md-33p vce-col--xs-1 vce-col--xs-last vce-col--xs-first vce-col--sm-last vce-col--sm-first vce-col--md-last vce-col--lg-last vce-col--xl-last\" id=\"el-5c0710dd\"><div class=\"vce-col-inner\" data-vce-do-apply=\"border margin background  el-5c0710dd\"><div class=\"vce-col-content\" data-vce-element-content=\"true\" data-vce-do-apply=\"padding el-5c0710dd\"><div><\/div><\/div><\/div><\/div><\/div><\/div><\/div><div class=\"vce-row-container\" data-vce-boxed-width=\"true\"><div class=\"vce-row vce-row--col-gap-30 vce-row-equal-height vce-row-content--top\" id=\"el-e3d72842\" data-vce-do-apply=\"all el-e3d72842\"><div class=\"vce-content-background-container\"><\/div><div class=\"vce-row-content\" data-vce-element-content=\"true\"><div class=\"vce-col vce-col--md-auto vce-col--xs-1 vce-col--xs-last vce-col--xs-first vce-col--sm-last vce-col--sm-first vce-col--md-first vce-col--lg-first vce-col--xl-first\" id=\"el-a81417de\"><div class=\"vce-col-inner\" data-vce-do-apply=\"border margin background  el-a81417de\"><div class=\"vce-col-content\" data-vce-element-content=\"true\" data-vce-do-apply=\"padding el-a81417de\"><div class=\"vce-single-image-container vce-single-image--align-left\"><div class=\"vce vce-single-image-wrapper\" id=\"el-f62eb19f\" data-vce-do-apply=\"all el-f62eb19f\"><figure><div class=\"vce-single-image-figure-inner\" style=\"width: 1024px;\"><div class=\"vce-single-image-inner vce-single-image--absolute\" style=\"width: 100%; padding-bottom: 66.6016%;\"><img loading=\"lazy\" decoding=\"async\" class=\"vce-single-image\"  width=\"1024\" height=\"682\" srcset=\"https:\/\/astti.ch\/wp-content\/uploads\/2023\/11\/astti-sommeruni-finanzubersetzung-spiez-1024x683.jpg 1024w, https:\/\/astti.ch\/wp-content\/uploads\/2023\/11\/astti-sommeruni-finanzubersetzung-spiez-320x213.jpg 320w, https:\/\/astti.ch\/wp-content\/uploads\/2023\/11\/astti-sommeruni-finanzubersetzung-spiez-480x320.jpg 480w, https:\/\/astti.ch\/wp-content\/uploads\/2023\/11\/astti-sommeruni-finanzubersetzung-spiez-800x533.jpg 800w\" src=\"https:\/\/astti.ch\/wp-content\/uploads\/2023\/11\/astti-sommeruni-finanzubersetzung-spiez-1024x683.jpg\" data-img-src=\"https:\/\/astti.ch\/wp-content\/uploads\/2023\/11\/astti-sommeruni-finanzubersetzung-spiez.jpg\" data-attachment-id=\"204636\"  alt=\"Universit\u00e9 d'\u00e9t\u00e9 Spiez traduction financi\u00e8re Sommeruniversit\u00e4t ASTTI Finanz\u00fcbersetzung\" title=\"astti-sommeruni-finanzubersetzung-spiez\" \/><\/div><\/div><figcaption hidden=\"\"><\/figcaption><\/figure><\/div><\/div><\/div><\/div><\/div><div class=\"vce-col vce-col--md-auto vce-col--xs-1 vce-col--xs-last vce-col--xs-first vce-col--sm-last vce-col--sm-first vce-col--md-last vce-col--lg-last vce-col--xl-last\" id=\"el-afaa4b68\"><div class=\"vce-col-inner\" data-vce-do-apply=\"border margin background  el-afaa4b68\"><div class=\"vce-col-content\" data-vce-element-content=\"true\" data-vce-do-apply=\"padding el-afaa4b68\"><div class=\"vce-text-block\"><div class=\"vce-text-block-wrapper vce\" id=\"el-c55e6716\" data-vce-do-apply=\"all el-c55e6716\"><p>We are pleased to announce that the next ASTTI Financial Translation Summer Conference will be held from the 3&nbsp;to 5&nbsp;July 2024 in Spiez, Switzerland.<\/p>\n<p>The ASTTI Financial Translation Summer Conference serves as <strong>a<\/strong> <strong>nexus for translators, academics, and finance professionals<\/strong>. With a carefully curated line-up of influential speakers, multi-language translation workshops and engaging social events, we\u2019ll help you enhance your expertise, foster connections, and cultivate lasting relationships with peers.<\/p>\n<p><strong>Contact: ftsc@astti.ch<br><\/strong><\/p>\n<p><u>The Scientific Committee:<br><\/u>Beata Marchand, Jean-Claude Borel, Michael Dever, Claudio La Rosa<\/p><\/div><\/div><\/div><\/div><\/div><\/div><\/div><\/div><div class=\"vce-row-container\" data-vce-boxed-width=\"true\"><div class=\"vce-row vce-row--col-gap-30 vce-row-equal-height vce-row-content--top\" id=\"el-1806bad8\" data-vce-do-apply=\"all el-1806bad8\"><div class=\"vce-content-background-container\"><\/div><div class=\"vce-row-content\" data-vce-element-content=\"true\"><div class=\"vce-col vce-col--md-auto vce-col--xs-1 vce-col--xs-last vce-col--xs-first vce-col--sm-last vce-col--sm-first vce-col--md-last vce-col--lg-last vce-col--xl-last vce-col--md-first vce-col--lg-first vce-col--xl-first\" id=\"el-da9b837e\"><div class=\"vce-col-inner\" data-vce-do-apply=\"border margin background  el-da9b837e\"><div class=\"vce-col-content\" data-vce-element-content=\"true\" data-vce-do-apply=\"padding el-da9b837e\"><div class=\"vce-text-block\"><div class=\"vce-text-block-wrapper vce\" id=\"el-65dee91f\" data-vce-do-apply=\"all el-65dee91f\"><h2><span style=\"font-size: 18pt;\">&gt;&gt; <a href=\"https:\/\/astti.ch\/wp-content\/uploads\/2024\/05\/FTSC_202405_Program.pdf\" target=\"_blank\" rel=\"noopener\">Programme <\/a>&lt;&lt;<\/span><\/h2>\n<h2>&gt;&gt; <a href=\"https:\/\/astti.ch\/wp-content\/uploads\/2024\/05\/ABSTRACTS-SPIEZ-202405.pdf\" target=\"_blank\" rel=\"noopener\">Abstracts<\/a> &lt;&lt;<\/h2>\n<h2><span style=\"font-size: 18pt;\">&gt;&gt;&nbsp;<a href=\"https:\/\/www.hotel-seaside.ch\/\" target=\"_blank\" rel=\"noopener\">Hotel Seaside<\/a>&nbsp;&lt;&lt;<\/span><\/h2>\n<h2>&gt;&gt; <a href=\"https:\/\/astti.ch\/wp-content\/uploads\/2024\/04\/stornierungsbedingungen_FTSC_2024_EN-2.pdf\" target=\"_blank\" rel=\"noopener\">Cancellation policy <\/a>&nbsp;&lt;&lt;<\/h2>\n<h2>&gt;&gt; <a href=\"https:\/\/astti.ch\/wp-content\/uploads\/2024\/05\/Interview_ChrisDurban_2024.pdf\" target=\"_blank\" rel=\"noopener\">Interview with Chris Durban<\/a> &lt;&lt;<\/h2>\n<h2>&gt;&gt; Interview with Claudio La Rosa (<a href=\"https:\/\/astti.ch\/wp-content\/uploads\/2024\/06\/Claudio-La-Rosa-entrevue-_FR.pdf\" target=\"_blank\" rel=\"noopener\">FR<\/a> \/ <a href=\"https:\/\/astti.ch\/wp-content\/uploads\/2024\/06\/Claudio-La-Rosa-entrevue-_IT.pdf\" target=\"_blank\" rel=\"noopener\">IT<\/a>)&nbsp; &lt;&lt;<\/h2>\n<h2><strong>Prices:<\/strong>&nbsp;<\/h2>\n<p><span style=\"font-weight: bold; font-family: inherit; font-size: 12pt;\">1-day&nbsp;price<br><\/span><span style=\"font-family: inherit; font-size: 12pt;\">ASTTI members and members of partner organisations: CHF 540<br><\/span><span style=\"font-family: inherit; font-size: 12pt;\">Non-members: CHF 720<\/span><\/p>\n<p><span style=\"font-weight: bold; font-family: inherit; font-size: 12pt;\">3-day pass<br><\/span><span style=\"font-family: inherit; font-size: 12pt;\">ASTTI members and members of partner organisations: CHF 1,290<br><\/span><span style=\"font-family: inherit; font-size: 12pt;\">Non-members: CHF 1,640<\/span><\/p>\n<p>&nbsp;<\/p>\n<h2><strong>Accommodation:<\/strong><\/h2>\n<p>A specific number of rooms has been reserved at the Hotel Seaside for overnight stays between 2 and 5 July 2024. To book your room, please contact the hotel directly by writing to <a href=\"mailto:reception@hotel-seaside.ch\"><strong>reception@hotel-seaside.ch<\/strong><\/a> and stating that you are attending the ASTTI conference.<\/p>\n<p>&nbsp;<\/p><\/div><\/div><\/div><\/div><\/div><\/div><\/div><\/div><div class=\"vce-row-container\" data-vce-boxed-width=\"true\"><div class=\"vce-row vce-row--col-gap-30 vce-row-equal-height vce-row-content--top\" id=\"el-abe6df17\" data-vce-do-apply=\"all el-abe6df17\"><div class=\"vce-row-content\" data-vce-element-content=\"true\"><div class=\"vce-col vce-col--md-auto vce-col--xs-1 vce-col--xs-last vce-col--xs-first vce-col--sm-last vce-col--sm-first vce-col--md-last vce-col--lg-last vce-col--xl-last vce-col--md-first vce-col--lg-first vce-col--xl-first\" id=\"el-0dfb41f9\"><div class=\"vce-col-inner\" data-vce-do-apply=\"border margin background  el-0dfb41f9\"><div class=\"vce-col-content\" data-vce-element-content=\"true\" data-vce-do-apply=\"padding el-0dfb41f9\"><div class=\"vce-shortcode\"><div class=\"vce-shortcode-wrapper vce\" id=\"el-baeb9ec3\" data-vce-do-apply=\"all el-baeb9ec3\"><div class=\"woocommerce columns-3 \"><ul class=\"products columns-3\">\n<li class=\"product type-product post-206519 status-publish first instock product_cat-ftsc2024-en has-post-thumbnail shipping-taxable purchasable product-type-variable\">\n\t<a href=\"https:\/\/astti.ch\/en\/produit\/sommeruniversitaet-mittwoch\/\" class=\"woocommerce-LoopProduct-link woocommerce-loop-product__link\"><img width=\"500\" height=\"375\" src=\"https:\/\/astti.ch\/wp-content\/uploads\/2024\/03\/1-1-500x375.png\" class=\"attachment-woocommerce_thumbnail size-woocommerce_thumbnail\" alt=\"Summer Conference, Wednesday\" \/><h2 class=\"woocommerce-loop-product__title\">Summer Conference, Wednesday<\/h2>03\/07\/2024<p><\/p>\n\t<span class=\"price\"><span class=\"woocommerce-Price-amount amount\"><bdi>540.00&nbsp;<span class=\"woocommerce-Price-currencySymbol\">&#67;&#72;&#70;<\/span><\/bdi><\/span> &ndash; <span class=\"woocommerce-Price-amount amount\"><bdi>720.00&nbsp;<span class=\"woocommerce-Price-currencySymbol\">&#67;&#72;&#70;<\/span><\/bdi><\/span><\/span>\n<\/a><a href=\"https:\/\/astti.ch\/en\/produit\/sommeruniversitaet-mittwoch\/\" aria-describedby=\"woocommerce_loop_add_to_cart_link_describedby_206519\" data-quantity=\"1\" class=\"button product_type_variable add_to_cart_button\" data-product_id=\"206519\" data-product_sku=\"\" aria-label=\"Select options for &ldquo;Summer Conference, Wednesday&rdquo;\" rel=\"nofollow\">Select options<\/a>\t<span id=\"woocommerce_loop_add_to_cart_link_describedby_206519\" class=\"screen-reader-text\">\n\t\tThis product has multiple variants. The options may be chosen on the product page\t<\/span>\n<\/li>\n<li class=\"product type-product post-206538 status-publish instock product_cat-ftsc2024-en has-post-thumbnail shipping-taxable purchasable product-type-variable\">\n\t<a href=\"https:\/\/astti.ch\/en\/produit\/summer-conference-thursday\/\" class=\"woocommerce-LoopProduct-link woocommerce-loop-product__link\"><img width=\"500\" height=\"375\" src=\"https:\/\/astti.ch\/wp-content\/uploads\/2024\/03\/2-1-500x375.png\" class=\"attachment-woocommerce_thumbnail size-woocommerce_thumbnail\" alt=\"Summer Conference, Thursday\" \/><h2 class=\"woocommerce-loop-product__title\">Summer Conference, Thursday<\/h2>04\/07\/2024<p><\/p>\n\t<span class=\"price\"><span class=\"woocommerce-Price-amount amount\"><bdi>540.00&nbsp;<span class=\"woocommerce-Price-currencySymbol\">&#67;&#72;&#70;<\/span><\/bdi><\/span> &ndash; <span class=\"woocommerce-Price-amount amount\"><bdi>720.00&nbsp;<span class=\"woocommerce-Price-currencySymbol\">&#67;&#72;&#70;<\/span><\/bdi><\/span><\/span>\n<\/a><a href=\"https:\/\/astti.ch\/en\/produit\/summer-conference-thursday\/\" aria-describedby=\"woocommerce_loop_add_to_cart_link_describedby_206538\" data-quantity=\"1\" class=\"button product_type_variable add_to_cart_button\" data-product_id=\"206538\" data-product_sku=\"\" aria-label=\"Select options for &ldquo;Summer Conference, Thursday&rdquo;\" rel=\"nofollow\">Select options<\/a>\t<span id=\"woocommerce_loop_add_to_cart_link_describedby_206538\" class=\"screen-reader-text\">\n\t\tThis product has multiple variants. The options may be chosen on the product page\t<\/span>\n<\/li>\n<li class=\"product type-product post-206555 status-publish last instock product_cat-ftsc2024-en has-post-thumbnail shipping-taxable purchasable product-type-variable\">\n\t<a href=\"https:\/\/astti.ch\/en\/produit\/summer-conference-thursday-copie\/\" class=\"woocommerce-LoopProduct-link woocommerce-loop-product__link\"><img width=\"500\" height=\"375\" src=\"https:\/\/astti.ch\/wp-content\/uploads\/2024\/03\/3-1-500x375.png\" class=\"attachment-woocommerce_thumbnail size-woocommerce_thumbnail\" alt=\"Summer Conference, Friday\" \/><h2 class=\"woocommerce-loop-product__title\">Summer Conference, Friday<\/h2>05\/07\/2024<p><\/p>\n\t<span class=\"price\"><span class=\"woocommerce-Price-amount amount\"><bdi>540.00&nbsp;<span class=\"woocommerce-Price-currencySymbol\">&#67;&#72;&#70;<\/span><\/bdi><\/span> &ndash; <span class=\"woocommerce-Price-amount amount\"><bdi>720.00&nbsp;<span class=\"woocommerce-Price-currencySymbol\">&#67;&#72;&#70;<\/span><\/bdi><\/span><\/span>\n<\/a><a href=\"https:\/\/astti.ch\/en\/produit\/summer-conference-thursday-copie\/\" aria-describedby=\"woocommerce_loop_add_to_cart_link_describedby_206555\" data-quantity=\"1\" class=\"button product_type_variable add_to_cart_button\" data-product_id=\"206555\" data-product_sku=\"\" aria-label=\"Select options for &ldquo;Summer Conference, Friday&rdquo;\" rel=\"nofollow\">Select options<\/a>\t<span id=\"woocommerce_loop_add_to_cart_link_describedby_206555\" class=\"screen-reader-text\">\n\t\tThis product has multiple variants. The options may be chosen on the product page\t<\/span>\n<\/li>\n<li class=\"product type-product post-206585 status-publish first instock product_cat-ftsc2024-en has-post-thumbnail shipping-taxable purchasable product-type-variable\">\n\t<a href=\"https:\/\/astti.ch\/en\/produit\/summer-conference-friday-copie\/\" class=\"woocommerce-LoopProduct-link woocommerce-loop-product__link\"><img width=\"500\" height=\"375\" src=\"https:\/\/astti.ch\/wp-content\/uploads\/2024\/03\/4-1-500x375.png\" class=\"attachment-woocommerce_thumbnail size-woocommerce_thumbnail\" alt=\"Summer Conference, Wednesday-Friday\" \/><h2 class=\"woocommerce-loop-product__title\">Summer Conference, Wednesday-Friday<\/h2>03\/07\/2024<p><\/p>\n\t<span class=\"price\"><span class=\"woocommerce-Price-amount amount\"><bdi>1,290.00&nbsp;<span class=\"woocommerce-Price-currencySymbol\">&#67;&#72;&#70;<\/span><\/bdi><\/span> &ndash; <span class=\"woocommerce-Price-amount amount\"><bdi>1,640.00&nbsp;<span class=\"woocommerce-Price-currencySymbol\">&#67;&#72;&#70;<\/span><\/bdi><\/span><\/span>\n<\/a><a href=\"https:\/\/astti.ch\/en\/produit\/summer-conference-friday-copie\/\" aria-describedby=\"woocommerce_loop_add_to_cart_link_describedby_206585\" data-quantity=\"1\" class=\"button product_type_variable add_to_cart_button\" data-product_id=\"206585\" data-product_sku=\"\" aria-label=\"Select options for &ldquo;Summer Conference, Wednesday-Friday&rdquo;\" rel=\"nofollow\">Select options<\/a>\t<span id=\"woocommerce_loop_add_to_cart_link_describedby_206585\" class=\"screen-reader-text\">\n\t\tThis product has multiple variants. The options may be chosen on the product page\t<\/span>\n<\/li>\n<li class=\"product type-product post-206617 status-publish instock product_cat-ftsc2024-en has-post-thumbnail shipping-taxable purchasable product-type-variable\">\n\t<a href=\"https:\/\/astti.ch\/en\/produit\/summer-conference-dinner-cruise-thursday\/\" class=\"woocommerce-LoopProduct-link woocommerce-loop-product__link\"><img width=\"500\" height=\"375\" src=\"https:\/\/astti.ch\/wp-content\/uploads\/2024\/03\/20230119-DJI_0205-500x375.jpg\" class=\"attachment-woocommerce_thumbnail size-woocommerce_thumbnail\" alt=\"Summer Conference Dinner Cruise, Thursday\" \/><h2 class=\"woocommerce-loop-product__title\">Summer Conference Dinner Cruise, Thursday<\/h2>04\/07\/2024<p><\/p>\n\t<span class=\"price\"><span class=\"woocommerce-Price-amount amount\"><bdi>100.00&nbsp;<span class=\"woocommerce-Price-currencySymbol\">&#67;&#72;&#70;<\/span><\/bdi><\/span><\/span>\n<\/a><a href=\"https:\/\/astti.ch\/en\/produit\/summer-conference-dinner-cruise-thursday\/\" aria-describedby=\"woocommerce_loop_add_to_cart_link_describedby_206617\" data-quantity=\"1\" class=\"button product_type_variable add_to_cart_button\" data-product_id=\"206617\" data-product_sku=\"\" aria-label=\"Select options for &ldquo;Summer Conference Dinner Cruise, Thursday&rdquo;\" rel=\"nofollow\">Select options<\/a>\t<span id=\"woocommerce_loop_add_to_cart_link_describedby_206617\" class=\"screen-reader-text\">\n\t\tThis product has multiple variants. The options may be chosen on the product page\t<\/span>\n<\/li>\n<\/ul>\n<\/div><\/div><\/div><\/div><\/div><\/div><\/div><\/div><\/div>","protected":false},"excerpt":{"rendered":"<p>Summer Conference 2024 3-5 July 2024 in Spiez, Hotel SEASIDE ASTTI Financial Translation Summer ConferenceWe are pleased to announce that the next ASTTI Financial Translation Summer Conference will be held from the 3&nbsp;to 5&nbsp;July 2024 in Spiez, Switzerland. The ASTTI Financial Translation Summer Conference serves as a nexus for translators, academics, and finance professionals. With [&hellip;]<\/p>\n","protected":false},"author":405,"featured_media":0,"parent":0,"menu_order":0,"comment_status":"closed","ping_status":"closed","template":"","meta":{"inline_featured_image":false,"footnotes":""},"class_list":["post-205767","page","type-page","status-publish","hentry"],"acf":[],"_links":{"self":[{"href":"https:\/\/astti.ch\/en\/wp-json\/wp\/v2\/pages\/205767","targetHints":{"allow":["GET"]}}],"collection":[{"href":"https:\/\/astti.ch\/en\/wp-json\/wp\/v2\/pages"}],"about":[{"href":"https:\/\/astti.ch\/en\/wp-json\/wp\/v2\/types\/page"}],"author":[{"embeddable":true,"href":"https:\/\/astti.ch\/en\/wp-json\/wp\/v2\/users\/405"}],"replies":[{"embeddable":true,"href":"https:\/\/astti.ch\/en\/wp-json\/wp\/v2\/comments?post=205767"}],"version-history":[{"count":4,"href":"https:\/\/astti.ch\/en\/wp-json\/wp\/v2\/pages\/205767\/revisions"}],"predecessor-version":[{"id":208165,"href":"https:\/\/astti.ch\/en\/wp-json\/wp\/v2\/pages\/205767\/revisions\/208165"}],"wp:attachment":[{"href":"https:\/\/astti.ch\/en\/wp-json\/wp\/v2\/media?parent=205767"}],"curies":[{"name":"wp","href":"https:\/\/api.w.org\/{rel}","templated":true}]}}