{"id":303,"date":"2022-02-04T06:40:13","date_gmt":"2022-02-04T06:40:13","guid":{"rendered":"https:\/\/astti.ch\/?page_id=303"},"modified":"2023-03-03T10:05:31","modified_gmt":"2023-03-03T10:05:31","slug":"universite-ete","status":"publish","type":"page","link":"https:\/\/astti.ch\/en\/congres\/universite-ete\/","title":{"rendered":"Universit\u00e9 d\u2019\u00e9t\u00e9"},"content":{"rendered":"<div class=\"vce-row-container\" data-vce-boxed-width=\"true\"><div class=\"vce-row vce-row--col-gap-30 vce-row-equal-height vce-row-content--top\" id=\"el-cc6d08c1\" data-vce-do-apply=\"all el-cc6d08c1\"><div class=\"vce-row-content\" data-vce-element-content=\"true\"><div class=\"vce-col vce-col--md-auto vce-col--xs-1 vce-col--xs-last vce-col--xs-first vce-col--sm-last vce-col--sm-first vce-col--md-last vce-col--lg-last vce-col--xl-last vce-col--md-first vce-col--lg-first vce-col--xl-first\" id=\"el-9c700725\"><div class=\"vce-col-inner\" data-vce-do-apply=\"border margin background  el-9c700725\"><div class=\"vce-col-content\" data-vce-element-content=\"true\" data-vce-do-apply=\"padding el-9c700725\"><div><\/div><\/div><\/div><\/div><\/div><\/div><\/div><div class=\"vce-row-container\"><div class=\"vce-row vce-element--has-background vce-row--col-gap-30 banner_inside vce-row-equal-height vce-row-content--top\" data-vce-full-width=\"true\" id=\"el-a2c0fec3\" data-vce-do-apply=\"all el-a2c0fec3\"><div class=\"vce-content-background-container\"><div class=\"vce-asset-background-simple-container vce-visible-all-only vce-asset-background-simple--style-cover vce-asset-background-simple--position-center-center\"><div class=\"vce-asset-background-simple\">\n              <div class=\"vce-asset-background-simple-item vcv-lozad\" data-background-image=\"https:\/\/astti.ch\/wp-content\/uploads\/2021\/11\/AdobeStock_72116406-scaled.jpeg\"><\/div>\n              <noscript>\n                <div class=\"vce-asset-background-simple-item\" style=\"background-image: url(https:\/\/astti.ch\/wp-content\/uploads\/2021\/11\/AdobeStock_72116406-scaled.jpeg)\"><\/div>\n              <\/noscript>\n            <\/div><\/div><div class=\"vce-asset-color-gradient-container vce-visible-all-only\" data-vce-do-apply=\"gradient el-a2c0fec3\"><\/div><\/div><div class=\"vce-row-content\" data-vce-element-content=\"true\"><div class=\"vce-col vce-col--md-auto vce-col--xs-1 vce-col--xs-last vce-col--xs-first vce-col--sm-last vce-col--sm-first vce-col--md-last vce-col--lg-last vce-col--xl-last vce-col--md-first vce-col--lg-first vce-col--xl-first\" id=\"el-872bd5ce\"><div class=\"vce-col-inner\" data-vce-do-apply=\"border margin background  el-872bd5ce\"><div class=\"vce-col-content\" data-vce-element-content=\"true\" data-vce-do-apply=\"padding el-872bd5ce\"><div class=\"vce-text-block\"><div class=\"vce-text-block-wrapper vce\" id=\"el-4805f237\" data-vce-do-apply=\"all el-4805f237\"><\/div><\/div><div class=\"vce-row-container\" data-vce-boxed-width=\"true\"><div class=\"vce-row vce-row--col-gap-30 vce-row-equal-height vce-row-content--top\" id=\"el-50e48382\" data-vce-do-apply=\"all el-50e48382\"><div class=\"vce-row-content\" data-vce-element-content=\"true\"><div class=\"vce-col vce-col--md-auto vce-col--xs-1 vce-col--xs-last vce-col--xs-first vce-col--sm-last vce-col--sm-first vce-col--md-last vce-col--lg-last vce-col--xl-last vce-col--md-first vce-col--lg-first vce-col--xl-first\" id=\"el-f95f9c11\"><div class=\"vce-col-inner\" data-vce-do-apply=\"border margin background  el-f95f9c11\"><div class=\"vce-col-content\" data-vce-element-content=\"true\" data-vce-do-apply=\"padding el-f95f9c11\"><div><\/div><\/div><\/div><\/div><\/div><\/div><\/div><\/div><\/div><\/div><\/div><\/div><\/div><div class=\"vce-row-container\" data-vce-boxed-width=\"true\"><div class=\"vce-row vce-row--col-gap-30 vce-row-equal-height vce-row-content--top\" id=\"el-8a2312c0\" data-vce-do-apply=\"all el-8a2312c0\"><div class=\"vce-row-content\" data-vce-element-content=\"true\"><div class=\"vce-col vce-col--md-auto vce-col--xs-1 vce-col--xs-last vce-col--xs-first vce-col--sm-last vce-col--sm-first vce-col--md-last vce-col--lg-last vce-col--xl-last vce-col--md-first vce-col--lg-first vce-col--xl-first\" id=\"el-3731193b\"><div class=\"vce-col-inner\" data-vce-do-apply=\"border margin background  el-3731193b\"><div class=\"vce-col-content\" data-vce-element-content=\"true\" data-vce-do-apply=\"padding el-3731193b\"><div><\/div><\/div><\/div><\/div><\/div><\/div><\/div><div class=\"vce-row-container\" data-vce-boxed-width=\"true\"><div class=\"vce-row vce-row--col-gap-30 vce-row-equal-height vce-row-content--top\" id=\"el-1f80028d\" data-vce-do-apply=\"all el-1f80028d\"><div class=\"vce-row-content\" data-vce-element-content=\"true\"><div class=\"vce-col vce-col--md-66-66p vce-col--xs-1 vce-col--xs-last vce-col--xs-first vce-col--sm-last vce-col--sm-first vce-col--md-first vce-col--lg-first vce-col--xl-first\" id=\"el-eb2332c2\"><div class=\"vce-col-inner\" data-vce-do-apply=\"border margin background  el-eb2332c2\"><div class=\"vce-content-background-container\"><\/div><div class=\"vce-col-content\" data-vce-element-content=\"true\" data-vce-do-apply=\"padding el-eb2332c2\"><div class=\"vce-text-block block-white\"><div class=\"vce-text-block-wrapper vce\" id=\"el-0568b657\" data-vce-do-apply=\"all el-0568b657\"><h1>Universit\u00e9 d\u2019\u00e9t\u00e9<\/h1><\/div><\/div><\/div><\/div><\/div><div class=\"vce-col vce-col--md-33-34p vce-col--xs-1 vce-col--xs-last vce-col--xs-first vce-col--sm-last vce-col--sm-first vce-col--md-last vce-col--lg-last vce-col--xl-last\" id=\"el-7e3bf0b8\"><div class=\"vce-col-inner\" data-vce-do-apply=\"border margin background  el-7e3bf0b8\"><div class=\"vce-col-content\" data-vce-element-content=\"true\" data-vce-do-apply=\"padding el-7e3bf0b8\"><div><\/div><\/div><\/div><\/div><\/div><\/div><\/div><div class=\"vce-row-container\" data-vce-boxed-width=\"true\"><div class=\"vce-row vce-row--col-gap-30 container-top-page vce-row-equal-height vce-row-content--top\" id=\"el-34058b87\" data-vce-do-apply=\"all el-34058b87\"><div class=\"vce-row-content\" data-vce-element-content=\"true\"><div class=\"vce-col vce-col--md-66-66p vce-col--xs-1 vce-col--xs-last vce-col--xs-first vce-col--sm-last vce-col--sm-first vce-col--md-first vce-col--lg-first vce-col--xl-first\" id=\"el-9f5324b4\"><div class=\"vce-col-inner\" data-vce-do-apply=\"border margin background  el-9f5324b4\"><div class=\"vce-col-content\" data-vce-element-content=\"true\" data-vce-do-apply=\"padding el-9f5324b4\"><div class=\"vce-text-block\"><div class=\"vce-text-block-wrapper vce\" id=\"el-d10c8ef0\" data-vce-do-apply=\"all el-d10c8ef0\"><h2 class=\"contentheading\">Universit\u00e9 d\u2019\u00e9t\u00e9 de la traduction financi\u00e8re de l\u2019ASTTI 2021<\/h2>\n<p>Eu \u00e9gard \u00e0 la situation \u00e9pid\u00e9miologique actuelle en Suisse et dans les pays limitrophes, le comit\u00e9 de l\u2019ASTTI a d\u00e9cid\u00e9, \u00e0 l\u2019issue de sa s\u00e9ance du 20 janvier, d\u2019annuler l\u2019Universit\u00e9 d\u2019\u00e9t\u00e9 de la traduction financi\u00e8re, qui devait se tenir \u00e0 Spiez d\u00e9but juillet 2021.<\/p>\n<p>Nous envisageons l\u2019avenir avec confiance et esp\u00e9rons pouvoir organiser \u00e0 nouveau l\u2019Universit\u00e9 d\u2019\u00e9t\u00e9 en temps opportun et selon les modalit\u00e9s habituelles.<\/p>\n<p>Le comit\u00e9 d\u2019organisation<br>Universit\u00e9 d\u2019\u00e9t\u00e9 de la traduction financi\u00e8re de l\u2019ASTTI<\/p><\/div><\/div><\/div><\/div><\/div><div class=\"vce-col vce-col--md-33-34p vce-col--xs-1 vce-col--xs-last vce-col--xs-first vce-col--sm-last vce-col--sm-first vce-col--md-last vce-col--lg-last vce-col--xl-last\" id=\"el-a6196678\"><div class=\"vce-col-inner\" data-vce-do-apply=\"border margin background  el-a6196678\"><div class=\"vce-col-content\" data-vce-element-content=\"true\" data-vce-do-apply=\"padding el-a6196678\"><div><\/div><\/div><\/div><\/div><\/div><\/div><\/div>","protected":false},"excerpt":{"rendered":"<p>Universit\u00e9 d\u2019\u00e9t\u00e9Universit\u00e9 d\u2019\u00e9t\u00e9 de la traduction financi\u00e8re de l\u2019ASTTI 2021 Eu \u00e9gard \u00e0 la situation \u00e9pid\u00e9miologique actuelle en Suisse et dans les pays limitrophes, le comit\u00e9 de l\u2019ASTTI a d\u00e9cid\u00e9, \u00e0 l\u2019issue de sa s\u00e9ance du 20 janvier, d\u2019annuler l\u2019Universit\u00e9 d\u2019\u00e9t\u00e9 de la traduction financi\u00e8re, qui devait se tenir \u00e0 Spiez d\u00e9but juillet 2021. Nous [&hellip;]<\/p>\n","protected":false},"author":1,"featured_media":0,"parent":112,"menu_order":0,"comment_status":"closed","ping_status":"closed","template":"","meta":{"inline_featured_image":false,"footnotes":""},"class_list":["post-303","page","type-page","status-publish","hentry"],"acf":[],"_links":{"self":[{"href":"https:\/\/astti.ch\/en\/wp-json\/wp\/v2\/pages\/303","targetHints":{"allow":["GET"]}}],"collection":[{"href":"https:\/\/astti.ch\/en\/wp-json\/wp\/v2\/pages"}],"about":[{"href":"https:\/\/astti.ch\/en\/wp-json\/wp\/v2\/types\/page"}],"author":[{"embeddable":true,"href":"https:\/\/astti.ch\/en\/wp-json\/wp\/v2\/users\/1"}],"replies":[{"embeddable":true,"href":"https:\/\/astti.ch\/en\/wp-json\/wp\/v2\/comments?post=303"}],"version-history":[{"count":3,"href":"https:\/\/astti.ch\/en\/wp-json\/wp\/v2\/pages\/303\/revisions"}],"predecessor-version":[{"id":200076,"href":"https:\/\/astti.ch\/en\/wp-json\/wp\/v2\/pages\/303\/revisions\/200076"}],"up":[{"embeddable":true,"href":"https:\/\/astti.ch\/en\/wp-json\/wp\/v2\/pages\/112"}],"wp:attachment":[{"href":"https:\/\/astti.ch\/en\/wp-json\/wp\/v2\/media?parent=303"}],"curies":[{"name":"wp","href":"https:\/\/api.w.org\/{rel}","templated":true}]}}