{"id":212023,"date":"2025-05-22T14:40:16","date_gmt":"2025-05-22T14:40:16","guid":{"rendered":"https:\/\/astti.ch\/?post_type=product&#038;p=212023"},"modified":"2026-02-04T12:48:44","modified_gmt":"2026-02-04T12:48:44","slug":"cotisation-annuelle-2025-2","status":"publish","type":"product","link":"https:\/\/astti.ch\/en\/produit\/cotisation-annuelle-2025-2\/","title":{"rendered":"Cotisation annuelle 2025*"},"content":{"rendered":"<p>S\u00e9lectionnez votre cat\u00e9gorie de membre dans le menu d\u00e9roulant et placez le produit dans votre panier. Attention : si vous \u00eates \u00e9galement membre de Swiss Label, s\u00e9lectionnez la cat\u00e9gorie correspondante. Une fois le processus de commande termin\u00e9, vous recevrez une facture avec un code QR. Nous vous prions de bien vouloir vous en acquitter dans les 30 jours.<\/p>\n","protected":false},"excerpt":{"rendered":"<p>S\u00e9lectionnez votre cat\u00e9gorie de membre dans le menu d\u00e9roulant et placez le produit dans votre panier. Attention : si vous \u00eates \u00e9galement membre de Swiss Label, s\u00e9lectionnez la cat\u00e9gorie correspondante. Une fois le processus de commande termin\u00e9, vous recevrez une facture avec un code QR. Nous vous prions de bien vouloir vous en acquitter dans [&hellip;]<\/p>\n","protected":false},"featured_media":1624,"template":"","meta":{"inline_featured_image":false},"product_brand":[],"product_cat":[17,271],"product_tag":[],"class_list":{"0":"post-212023","1":"product","2":"type-product","3":"status-publish","4":"has-post-thumbnail","6":"product_cat-non-classe","7":"product_cat-membres","9":"first","10":"instock","11":"shipping-taxable","12":"product-type-variable"},"acf":[],"_links":{"self":[{"href":"https:\/\/astti.ch\/en\/wp-json\/wp\/v2\/product\/212023","targetHints":{"allow":["GET"]}}],"collection":[{"href":"https:\/\/astti.ch\/en\/wp-json\/wp\/v2\/product"}],"about":[{"href":"https:\/\/astti.ch\/en\/wp-json\/wp\/v2\/types\/product"}],"wp:featuredmedia":[{"embeddable":true,"href":"https:\/\/astti.ch\/en\/wp-json\/wp\/v2\/media\/1624"}],"wp:attachment":[{"href":"https:\/\/astti.ch\/en\/wp-json\/wp\/v2\/media?parent=212023"}],"wp:term":[{"taxonomy":"product_brand","embeddable":true,"href":"https:\/\/astti.ch\/en\/wp-json\/wp\/v2\/product_brand?post=212023"},{"taxonomy":"product_cat","embeddable":true,"href":"https:\/\/astti.ch\/en\/wp-json\/wp\/v2\/product_cat?post=212023"},{"taxonomy":"product_tag","embeddable":true,"href":"https:\/\/astti.ch\/en\/wp-json\/wp\/v2\/product_tag?post=212023"}],"curies":[{"name":"wp","href":"https:\/\/api.w.org\/{rel}","templated":true}]}}