{"id":217435,"date":"2025-12-22T13:40:44","date_gmt":"2025-12-22T13:40:44","guid":{"rendered":"https:\/\/astti.ch\/produit\/content-marketing-basics-fuer-sprachprofis\/"},"modified":"2026-04-07T07:14:01","modified_gmt":"2026-04-07T07:14:01","slug":"content-marketing-basics-fuer-sprachprofis","status":"publish","type":"product","link":"https:\/\/astti.ch\/en\/produit\/content-marketing-basics-fuer-sprachprofis\/","title":{"rendered":"\u00ab(Content-)Marketing-Basics f\u00fcr Sprachprofis\u00bb"},"content":{"rendered":"<h2><strong>\u00ab(Content-)Marketing-Basics f\u00fcr Sprachprofis\u00bb \u2013 Durchf\u00fchrung best\u00e4tigt<\/strong><\/h2>\n<h3><em>Vom Briefing zum Call to Action: Was wirkungsvolle Sprache mit Marketing-Strategie zu tun hat und wie du beides auf den Punkt bringst.<\/em><\/h3>\n<p><strong>Donnerstag, 5. Februar 2026, 14\u201317 Uhr, online via Zoom<br \/>\n<\/strong><strong>Anmeldeschluss: 29. Januar 2026 (Early Bird bis 22. Januar)<\/strong><\/p>\n<p>Ein 3-st\u00fcndiger Workshop f\u00fcr \u00dcbersetzende, Texter:innen und sonstige Sprachprofis, die Marketingtexte nicht nur sprachlich auf den Punkt bringen, sondern auch strategisch verstehen und umsetzen wollen.<\/p>\n<p>Du lernst und \u00fcbst Schritt f\u00fcr Schritt, wie Marketingziele, Zielgruppen, Kan\u00e4le und Textaufbau zusammenspielen \u2013 und was das f\u00fcr deine eigene Arbeit bedeutet. Dazu arbeiten wir an einem Muster-Briefing entlang, um die vier Dimensionen <em>Product, Market, Channel<\/em> und <em>Content<\/em> zu beleuchten.<\/p>\n<p><strong>Nach dem Workshop kannst du:<\/strong><\/p>\n<ul>\n<li>(besser) erkennen, welche Ziele hinter Texten stehen,<\/li>\n<li>Marketing- und PR-Texte strategisch einordnen und sprachlich gezielter umsetzen,<\/li>\n<li>Briefings besser lesen und analysieren oder selbst ein Mini-Briefing erstellen,<\/li>\n<li>Deinen eigenen Auftritt (Website, LinkedIn, Brosch\u00fcre etc.) kritisch unter die Lupe nehmen und optimieren,<\/li>\n<li>Kolleg:innen und Kund:innen durch gezielte Fragen kompetenter beraten und unterst\u00fctzen.<\/li>\n<\/ul>\n<p><strong><br \/>\nDer Kurs ist best\u00e4tigt und ausgebucht. Bei Interesse kannst du uns gerne kontaktieren, um auf die Warteliste gesetzt zu werden.<br \/>\n<\/strong><\/p>\n","protected":false},"excerpt":{"rendered":"<p>\u00ab(Content-)Marketing-Basics f\u00fcr Sprachprofis\u00bb \u2013 Durchf\u00fchrung best\u00e4tigt Vom Briefing zum Call to Action: Was wirkungsvolle Sprache mit Marketing-Strategie zu tun hat und wie du beides auf den Punkt bringst. Donnerstag, 5. Februar 2026, 14\u201317 Uhr, online via Zoom Anmeldeschluss: 29. Januar 2026 (Early Bird bis 22. Januar) Ein 3-st\u00fcndiger Workshop f\u00fcr \u00dcbersetzende, Texter:innen und sonstige Sprachprofis, [&hellip;]<\/p>\n","protected":false},"featured_media":217348,"template":"","meta":{"inline_featured_image":false},"product_brand":[],"product_cat":[384],"product_tag":[],"class_list":{"0":"post-217435","1":"product","2":"type-product","3":"status-publish","4":"has-post-thumbnail","6":"product_cat-fomations-astti-en","8":"first","9":"outofstock","10":"shipping-taxable","11":"product-type-variable"},"acf":[],"_links":{"self":[{"href":"https:\/\/astti.ch\/en\/wp-json\/wp\/v2\/product\/217435","targetHints":{"allow":["GET"]}}],"collection":[{"href":"https:\/\/astti.ch\/en\/wp-json\/wp\/v2\/product"}],"about":[{"href":"https:\/\/astti.ch\/en\/wp-json\/wp\/v2\/types\/product"}],"wp:featuredmedia":[{"embeddable":true,"href":"https:\/\/astti.ch\/en\/wp-json\/wp\/v2\/media\/217348"}],"wp:attachment":[{"href":"https:\/\/astti.ch\/en\/wp-json\/wp\/v2\/media?parent=217435"}],"wp:term":[{"taxonomy":"product_brand","embeddable":true,"href":"https:\/\/astti.ch\/en\/wp-json\/wp\/v2\/product_brand?post=217435"},{"taxonomy":"product_cat","embeddable":true,"href":"https:\/\/astti.ch\/en\/wp-json\/wp\/v2\/product_cat?post=217435"},{"taxonomy":"product_tag","embeddable":true,"href":"https:\/\/astti.ch\/en\/wp-json\/wp\/v2\/product_tag?post=217435"}],"curies":[{"name":"wp","href":"https:\/\/api.w.org\/{rel}","templated":true}]}}