{"id":1134,"date":"2021-12-01T05:41:02","date_gmt":"2021-12-01T05:41:02","guid":{"rendered":"https:\/\/astti.ch\/formations-externes\/"},"modified":"2024-01-17T13:27:38","modified_gmt":"2024-01-17T13:27:38","slug":"formazione-esterna","status":"publish","type":"page","link":"https:\/\/astti.ch\/it\/formazione-esterna\/","title":{"rendered":"Formazione esterna"},"content":{"rendered":"<div class=\"vce-row-container\"><div class=\"vce-row vce-element--has-background vce-row--col-gap-30 banner_inside vce-row-equal-height vce-row-content--top\" data-vce-full-width=\"true\" id=\"el-6f7cc825\" data-vce-do-apply=\"all el-6f7cc825\"><div class=\"vce-content-background-container\"><div class=\"vce-asset-background-simple-container vce-visible-all-only vce-asset-background-simple--style-cover vce-asset-background-simple--position-center-center\"><div class=\"vce-asset-background-simple\">\n              <div class=\"vce-asset-background-simple-item vcv-lozad\" data-background-image=\"https:\/\/astti.ch\/wp-content\/uploads\/2021\/11\/AdobeStock_72116406-scaled.jpeg\"><\/div>\n              <noscript>\n                <div class=\"vce-asset-background-simple-item\" style=\"background-image: url(https:\/\/astti.ch\/wp-content\/uploads\/2021\/11\/AdobeStock_72116406-scaled.jpeg)\"><\/div>\n              <\/noscript>\n            <\/div><\/div><div class=\"vce-asset-color-gradient-container vce-visible-all-only\" data-vce-do-apply=\"gradient el-6f7cc825\"><\/div><\/div><div class=\"vce-row-content\" data-vce-element-content=\"true\"><div class=\"vce-col vce-col--md-auto vce-col--xs-1 vce-col--xs-last vce-col--xs-first vce-col--sm-last vce-col--sm-first vce-col--md-last vce-col--lg-last vce-col--xl-last vce-col--md-first vce-col--lg-first vce-col--xl-first\" id=\"el-ed236a7f\"><div class=\"vce-col-inner\" data-vce-do-apply=\"border margin background  el-ed236a7f\"><div class=\"vce-col-content\" data-vce-element-content=\"true\" data-vce-do-apply=\"padding el-ed236a7f\"><div class=\"vce-text-block\"><div class=\"vce-text-block-wrapper vce\" id=\"el-07698524\" data-vce-do-apply=\"all el-07698524\"><\/div><\/div><div class=\"vce-row-container\" data-vce-boxed-width=\"true\"><div class=\"vce-row vce-row--col-gap-30 vce-row-equal-height vce-row-content--top\" id=\"el-3d8ea25a\" data-vce-do-apply=\"all el-3d8ea25a\"><div class=\"vce-row-content\" data-vce-element-content=\"true\"><div class=\"vce-col vce-col--md-auto vce-col--xs-1 vce-col--xs-last vce-col--xs-first vce-col--sm-last vce-col--sm-first vce-col--md-last vce-col--lg-last vce-col--xl-last vce-col--md-first vce-col--lg-first vce-col--xl-first\" id=\"el-fce0dc0f\"><div class=\"vce-col-inner\" data-vce-do-apply=\"border margin background  el-fce0dc0f\"><div class=\"vce-col-content\" data-vce-element-content=\"true\" data-vce-do-apply=\"padding el-fce0dc0f\"><div><\/div><\/div><\/div><\/div><\/div><\/div><\/div><\/div><\/div><\/div><\/div><\/div><\/div><div class=\"vce-row-container\" data-vce-boxed-width=\"true\"><div class=\"vce-row vce-row--col-gap-30 vce-row-equal-height vce-row-content--top\" id=\"el-c13a637f\" data-vce-do-apply=\"all el-c13a637f\"><div class=\"vce-row-content\" data-vce-element-content=\"true\"><div class=\"vce-col vce-col--md-66-66p vce-col--xs-1 vce-col--xs-last vce-col--xs-first vce-col--sm-last vce-col--sm-first vce-col--md-first vce-col--lg-first vce-col--xl-first\" id=\"el-270c8bea\"><div class=\"vce-col-inner\" data-vce-do-apply=\"border margin background  el-270c8bea\"><div class=\"vce-content-background-container\"><\/div><div class=\"vce-col-content\" data-vce-element-content=\"true\" data-vce-do-apply=\"padding el-270c8bea\"><div class=\"vce-text-block block-white\"><div class=\"vce-text-block-wrapper vce\" id=\"el-bda38f91\" data-vce-do-apply=\"all el-bda38f91\"><h1>Formazione esterna<\/h1><\/div><\/div><\/div><\/div><\/div><div class=\"vce-col vce-col--md-33-34p vce-col--xs-1 vce-col--xs-last vce-col--xs-first vce-col--sm-last vce-col--sm-first vce-col--md-last vce-col--lg-last vce-col--xl-last\" id=\"el-74c7843d\"><div class=\"vce-col-inner\" data-vce-do-apply=\"border margin background  el-74c7843d\"><div class=\"vce-col-content\" data-vce-element-content=\"true\" data-vce-do-apply=\"padding el-74c7843d\"><div><\/div><\/div><\/div><\/div><\/div><\/div><\/div><div class=\"vce-row-container\" data-vce-boxed-width=\"true\"><div class=\"vce-row vce-row--col-gap-30 vce-row-equal-height vce-row-content--top\" id=\"el-07147288\" data-vce-do-apply=\"all el-07147288\"><div class=\"vce-content-background-container\"><\/div><div class=\"vce-row-content\" data-vce-element-content=\"true\"><div class=\"vce-col vce-col--md-66-66p vce-col--xs-1 vce-col--xs-last vce-col--xs-first vce-col--sm-last vce-col--sm-first vce-col--md-first vce-col--lg-first vce-col--xl-first\" id=\"el-c11c0d90\"><div class=\"vce-col-inner\" data-vce-do-apply=\"border margin background  el-c11c0d90\"><div class=\"vce-col-content\" data-vce-element-content=\"true\" data-vce-do-apply=\"padding el-c11c0d90\"><div class=\"vce-text-block\"><div class=\"vce-text-block-wrapper vce\" id=\"el-aedcfb18\" data-vce-do-apply=\"all el-aedcfb18\"><p>Diversi partner propongono formazioni che completano le nostre offerte. Qui troverai i corsi che ci sono stati comunicati. <br><br>L\u2019ASTTI non assume alcuna responsabilit\u00e0 in merito all\u2019esattezza e all\u2019esaustivit\u00e0 delle informazioni pubblicate su questa pagina e rimanda all\u2019occorrenza al partner in questione.<\/p><\/div><\/div><\/div><\/div><\/div><div class=\"vce-col vce-col--md-33-34p vce-col--xs-1 vce-col--xs-last vce-col--xs-first vce-col--sm-last vce-col--sm-first vce-col--md-last vce-col--lg-last vce-col--xl-last\" id=\"el-d4282706\"><div class=\"vce-col-inner\" data-vce-do-apply=\"border margin background  el-d4282706\"><div class=\"vce-col-content\" data-vce-element-content=\"true\" data-vce-do-apply=\"padding el-d4282706\"><div><\/div><\/div><\/div><\/div><\/div><\/div><\/div><div class=\"vce-row-container\" data-vce-boxed-width=\"true\"><div class=\"vce-row vce-row--col-gap-30 vce-row-equal-height vce-row-content--top\" id=\"el-7a86f741\" data-vce-do-apply=\"all el-7a86f741\"><div class=\"vce-content-background-container\"><\/div><div class=\"vce-row-content\" data-vce-element-content=\"true\"><div class=\"vce-col vce-col--md-auto vce-col--xs-1 vce-col--xs-last vce-col--xs-first vce-col--sm-last vce-col--sm-first vce-col--md-last vce-col--lg-last vce-col--xl-last vce-col--md-first vce-col--lg-first vce-col--xl-first\" id=\"el-897c958d\"><div class=\"vce-col-inner\" data-vce-do-apply=\"border margin background  el-897c958d\"><div class=\"vce-col-content\" data-vce-element-content=\"true\" data-vce-do-apply=\"padding el-897c958d\"><div><\/div><\/div><\/div><\/div><\/div><\/div><\/div><div class=\"vce-row-container\" data-vce-boxed-width=\"true\"><div class=\"vce-row vce-row--col-gap-30 vce-row-equal-height vce-row-content--top\" id=\"el-997c2f27\" data-vce-do-apply=\"all el-997c2f27\"><div class=\"vce-row-content\" data-vce-element-content=\"true\"><div class=\"vce-col vce-col--md-auto vce-col--xs-1 vce-col--xs-last vce-col--xs-first vce-col--sm-last vce-col--sm-first vce-col--md-last vce-col--lg-last vce-col--xl-last vce-col--md-first vce-col--lg-first vce-col--xl-first\" id=\"el-c2425252\"><div class=\"vce-col-inner\" data-vce-do-apply=\"border margin background  el-c2425252\"><div class=\"vce-col-content\" data-vce-element-content=\"true\" data-vce-do-apply=\"padding el-c2425252\"><div class=\"vce-text-block\"><div class=\"vce-text-block-wrapper vce\" id=\"el-b65b3e13\" data-vce-do-apply=\"all el-b65b3e13\"><h2 class=\"p1\">ZHAW \u2013 Istituto di Traduzione e Interpretazione (Winterthur)<\/h2>\n<p class=\"p1\"><span style=\"color: #212529;\">L'elenco completo dei corsi di formazione \u00e8 disponibile <a href=\"https:\/\/www.zhaw.ch\/it\/linguistica\/istituti-centri\/iued-istituto-di-traduzione-e-interpretazione\/formazione-continua\/\" target=\"_blank\" rel=\"noopener\">qui<\/a>.<\/span><\/p>\n<p class=\"p1\">Ai membri dell'ASTTI \u00e8 riservato uno sconto del 10% su tutti i corsi di formazione dell'Istituto di Traduzione e Interpretazione di Winterthur.<\/p>\n<p>&nbsp;<\/p>\n<h2 class=\"gmail-p1\">Universit\u00e0 di Ginevra \u2013 Facolt\u00e0 di Traduzione e Interpretazione<\/h2>\n<div>\n<p class=\"gmail-p1\"><span style=\"color: #212529;\">L'elenco completo dei corsi di formazione \u00e8 disponibile <a href=\"https:\/\/www.unige.ch\/fti\/it\/enseignements\/formation-continue\/\" target=\"_blank\" rel=\"noopener\">qui<\/a>.<\/span><\/p>\n<p class=\"gmail-p1\">Ai membri dell'ASTTI \u00e8 riservato uno sconto del 10% sulla quota d'iscrizione ad alcuni dei corsi proposti dalla Facolt\u00e0 di Traduzione e Interpretazione (FTI) dell'Universit\u00e0 di Ginevra.&nbsp;&nbsp;<\/p>\n<\/div><\/div><\/div><\/div><\/div><\/div><\/div><\/div><\/div>","protected":false},"excerpt":{"rendered":"<p>Formazione esternaDiversi partner propongono formazioni che completano le nostre offerte. Qui troverai i corsi che ci sono stati comunicati. L\u2019ASTTI non assume alcuna responsabilit\u00e0 in merito all\u2019esattezza e all\u2019esaustivit\u00e0 delle informazioni pubblicate su questa pagina e rimanda all\u2019occorrenza al partner in questione.ZHAW \u2013 Istituto di Traduzione e Interpretazione (Winterthur) L&#8217;elenco completo dei corsi di formazione [&hellip;]<\/p>\n","protected":false},"author":1,"featured_media":0,"parent":0,"menu_order":0,"comment_status":"closed","ping_status":"closed","template":"","meta":{"inline_featured_image":false,"footnotes":""},"class_list":["post-1134","page","type-page","status-publish","hentry"],"acf":[],"_links":{"self":[{"href":"https:\/\/astti.ch\/it\/wp-json\/wp\/v2\/pages\/1134","targetHints":{"allow":["GET"]}}],"collection":[{"href":"https:\/\/astti.ch\/it\/wp-json\/wp\/v2\/pages"}],"about":[{"href":"https:\/\/astti.ch\/it\/wp-json\/wp\/v2\/types\/page"}],"author":[{"embeddable":true,"href":"https:\/\/astti.ch\/it\/wp-json\/wp\/v2\/users\/1"}],"replies":[{"embeddable":true,"href":"https:\/\/astti.ch\/it\/wp-json\/wp\/v2\/comments?post=1134"}],"version-history":[{"count":3,"href":"https:\/\/astti.ch\/it\/wp-json\/wp\/v2\/pages\/1134\/revisions"}],"predecessor-version":[{"id":205577,"href":"https:\/\/astti.ch\/it\/wp-json\/wp\/v2\/pages\/1134\/revisions\/205577"}],"wp:attachment":[{"href":"https:\/\/astti.ch\/it\/wp-json\/wp\/v2\/media?parent=1134"}],"curies":[{"name":"wp","href":"https:\/\/api.w.org\/{rel}","templated":true}]}}