{"id":1150,"date":"2021-11-30T08:27:32","date_gmt":"2021-11-30T08:27:32","guid":{"rendered":"https:\/\/astti.ch\/congres\/"},"modified":"2026-02-11T12:35:13","modified_gmt":"2026-02-11T12:35:13","slug":"congresso","status":"publish","type":"page","link":"https:\/\/astti.ch\/it\/congresso\/","title":{"rendered":"Convegni e conferenze"},"content":{"rendered":"<div class=\"vce-row-container\"><div class=\"vce-row vce-element--has-background vce-row--col-gap-30 banner_inside vce-row-equal-height vce-row-content--top\" data-vce-full-width=\"true\" id=\"el-390c945d\" data-vce-do-apply=\"all el-390c945d\"><div class=\"vce-content-background-container\"><div class=\"vce-asset-background-simple-container vce-visible-all-only vce-asset-background-simple--style-cover vce-asset-background-simple--position-center-center\"><div class=\"vce-asset-background-simple\">\n              <div class=\"vce-asset-background-simple-item vcv-lozad\" data-background-image=\"https:\/\/astti.ch\/wp-content\/uploads\/2021\/11\/AdobeStock_72116406-scaled.jpeg\"><\/div>\n              <noscript>\n                <div class=\"vce-asset-background-simple-item\" style=\"background-image: url(https:\/\/astti.ch\/wp-content\/uploads\/2021\/11\/AdobeStock_72116406-scaled.jpeg)\"><\/div>\n              <\/noscript>\n            <\/div><\/div><div class=\"vce-asset-color-gradient-container vce-visible-all-only\" data-vce-do-apply=\"gradient el-390c945d\"><\/div><\/div><div class=\"vce-row-content\" data-vce-element-content=\"true\"><div class=\"vce-col vce-col--md-auto vce-col--xs-1 vce-col--xs-last vce-col--xs-first vce-col--sm-last vce-col--sm-first vce-col--md-last vce-col--lg-last vce-col--xl-last vce-col--md-first vce-col--lg-first vce-col--xl-first\" id=\"el-c8c54f99\"><div class=\"vce-col-inner\" data-vce-do-apply=\"border margin background  el-c8c54f99\"><div class=\"vce-col-content\" data-vce-element-content=\"true\" data-vce-do-apply=\"padding el-c8c54f99\"><div class=\"vce-text-block\"><div class=\"vce-text-block-wrapper vce\" id=\"el-18abbe3f\" data-vce-do-apply=\"all el-18abbe3f\"><\/div><\/div><div class=\"vce-row-container\" data-vce-boxed-width=\"true\"><div class=\"vce-row vce-row--col-gap-30 vce-row-equal-height vce-row-content--top\" id=\"el-5f19be47\" data-vce-do-apply=\"all el-5f19be47\"><div class=\"vce-row-content\" data-vce-element-content=\"true\"><div class=\"vce-col vce-col--md-auto vce-col--xs-1 vce-col--xs-last vce-col--xs-first vce-col--sm-last vce-col--sm-first vce-col--md-last vce-col--lg-last vce-col--xl-last vce-col--md-first vce-col--lg-first vce-col--xl-first\" id=\"el-b5f58b63\"><div class=\"vce-col-inner\" data-vce-do-apply=\"border margin background  el-b5f58b63\"><div class=\"vce-col-content\" data-vce-element-content=\"true\" data-vce-do-apply=\"padding el-b5f58b63\"><div class=\"vcv-row-control-wrapper\"><\/div><\/div><\/div><\/div><\/div><\/div><\/div><\/div><\/div><\/div><\/div><\/div><\/div><div class=\"vce-row-container\" data-vce-boxed-width=\"true\"><div class=\"vce-row vce-row--col-gap-30 vce-row-equal-height vce-row-content--top\" id=\"el-5da07ff1\" data-vce-do-apply=\"all el-5da07ff1\"><div class=\"vce-row-content\" data-vce-element-content=\"true\"><div class=\"vce-col vce-col--md-66-66p vce-col--xs-1 vce-col--xs-last vce-col--xs-first vce-col--sm-last vce-col--sm-first vce-col--md-first vce-col--lg-first vce-col--xl-first\" id=\"el-586b9a7c\"><div class=\"vce-col-inner\" data-vce-do-apply=\"border margin background  el-586b9a7c\"><div class=\"vce-content-background-container\"><\/div><div class=\"vce-col-content\" data-vce-element-content=\"true\" data-vce-do-apply=\"padding el-586b9a7c\"><div class=\"vce-text-block block-white\"><div class=\"vce-text-block-wrapper vce\" id=\"el-405e6e7f\" data-vce-do-apply=\"all el-405e6e7f\"><h1>Convegni e conferenze<\/h1><\/div><\/div><\/div><\/div><\/div><div class=\"vce-col vce-col--md-33-34p vce-col--xs-1 vce-col--xs-last vce-col--xs-first vce-col--sm-last vce-col--sm-first vce-col--md-last vce-col--lg-last vce-col--xl-last\" id=\"el-1cb551b2\"><div class=\"vce-col-inner\" data-vce-do-apply=\"border margin background  el-1cb551b2\"><div class=\"vce-col-content\" data-vce-element-content=\"true\" data-vce-do-apply=\"padding el-1cb551b2\"><div class=\"vcv-row-control-wrapper\"><\/div><\/div><\/div><\/div><\/div><\/div><\/div><div class=\"vce-row-container\" data-vce-boxed-width=\"true\"><div class=\"vce-row vce-row--col-gap-30 vce-row-equal-height vce-row-content--top\" id=\"el-fe327f54\" data-vce-do-apply=\"all el-fe327f54\"><div class=\"vce-content-background-container\"><\/div><div class=\"vce-row-content\" data-vce-element-content=\"true\"><div class=\"vce-col vce-col--md-auto vce-col--xs-1 vce-col--xs-last vce-col--xs-first vce-col--sm-last vce-col--sm-first vce-col--md-last vce-col--lg-last vce-col--xl-last vce-col--md-first vce-col--lg-first vce-col--xl-first\" id=\"el-d6aebe25\"><div class=\"vce-col-inner\" data-vce-do-apply=\"border margin background  el-d6aebe25\"><div class=\"vce-col-content\" data-vce-element-content=\"true\" data-vce-do-apply=\"padding el-d6aebe25\"><div class=\"vce-text-block\"><div class=\"vce-text-block-wrapper vce\" id=\"el-6eecf7b1\" data-vce-do-apply=\"all el-6eecf7b1\"><h2><span style=\"font-size: 12pt; font-weight: 400; font-style: normal;\">I nostri convegni annuali ti permettono di aggiornarti durante il corso della tua carriera professionale e di ampliare la tua rete di contatti.<\/span><\/h2><\/div><\/div><\/div><\/div><\/div><\/div><\/div><\/div><div class=\"vce-row-container\" data-vce-boxed-width=\"true\"><div class=\"vce-row vce-row--col-gap-30 container-top-page vce-row-equal-height vce-row-content--top\" id=\"el-fb86bef3\" data-vce-do-apply=\"all el-fb86bef3\"><div class=\"vce-content-background-container\"><\/div><div class=\"vce-row-content\" data-vce-element-content=\"true\"><div class=\"vce-col vce-col--md-66-66p vce-col--xs-1 vce-col--xs-last vce-col--xs-first vce-col--sm-last vce-col--sm-first vce-col--md-first vce-col--lg-first vce-col--xl-first\" id=\"el-e3085117\"><div class=\"vce-col-inner\" data-vce-do-apply=\"border margin background  el-e3085117\"><div class=\"vce-col-content\" data-vce-element-content=\"true\" data-vce-do-apply=\"padding el-e3085117\"><div class=\"vce-text-block\"><div class=\"vce-text-block-wrapper vce\" id=\"el-ca5bebf1\" data-vce-do-apply=\"all el-ca5bebf1\"><h2><b>\u00c9QUIVALENCES<\/b><\/h2>\n<p><span style=\"font-size: 14pt; color: #000000;\"><strong><em>\u00e9quivalences<\/em> 2026:<\/strong> &nbsp;<strong><br><\/strong><\/span><span style=\"font-weight: 400;\"><br><\/span><span style=\"font-weight: 400;\">Edizioni scorse:<\/span><\/p>\n<ul>\n<li><span style=\"font-weight: inherit; font-style: inherit;\"><span style=\"font-size: 12pt; color: #000000;\"><a href=\"https:\/\/astti.ch\/it\/produit\/equivalences-2025-iscrizione\/\">\u00e9quivalences 2025<\/a><\/span><\/span><\/li>\n<li><span style=\"font-weight: inherit; font-style: inherit;\"><a href=\"https:\/\/astti.ch\/it\/produit\/anmeldung-equivalences-2024\/\" target=\"_blank\" rel=\"noopener\">\u00e9quivalences 2024<\/a><\/span><\/li>\n<li><span style=\"font-size: 12pt; font-weight: inherit; font-style: inherit;\"><a href=\"https:\/\/astti.ch\/it\/equivalences\/\" target=\"_blank\" rel=\"noopener\">\u00e9quivalences 2023<\/a><\/span><\/li>\n<li><span style=\"font-size: 12pt; font-weight: inherit; font-style: inherit;\"><a href=\"https:\/\/astti.ch\/it\/congresso\/equivalences-2022\/\" target=\"_blank\" rel=\"noopener\">\u00e9quivalences 2022<\/a><\/span><\/li>\n<li><span style=\"font-size: 12pt; font-weight: inherit; font-style: inherit;\"><a href=\"https:\/\/astti.ch\/it\/congresso\/equivalences-2021\/\" target=\"_blank\" rel=\"noopener\">\u00e9quivalences 2021<\/a><\/span><\/li>\n<li><span style=\"font-size: 12pt; font-weight: inherit; font-style: inherit;\"><a href=\"https:\/\/astti.ch\/it\/congresso\/equivalences-2019\/\" target=\"_blank\" rel=\"noopener\">\u00e9quivalences 2019<\/a><\/span><\/li>\n<\/ul>\n<h2><b>UNIVERSIT\u00c0 ESTIVA<\/b><\/h2>\n<p>Universit\u00e0 estiva della traduzione finanziaria ASTTI<\/p>\n<p><strong>1-3 luglio 2026, Spiez<\/strong><\/p>\n<ul>\n<li><a href=\"https:\/\/astti.ch\/it\/universita-estiva-2024\/\" target=\"_blank\" rel=\"noopener\">Edizione 2024<\/a><\/li>\n<li><a href=\"https:\/\/astti.ch\/it\/congresso\/universita-estiva\/\" target=\"_blank\" rel=\"noopener\"><span style=\"font-weight: 400;\">Edizione 2021<\/span><\/a><\/li>\n<\/ul>\n<p><span style=\"font-weight: 400;\">&nbsp;<\/span><\/p>\n<h2><b>EVENTI ESTERNI<\/b><\/h2>\n<p><span style=\"font-weight: 400;\">Per saperne di pi\u00f9 sugli eventi esterni organizzati dai nostri partner, consulta la pagina degli <\/span><a href=\"https:\/\/astti.ch\/it\/congresso\/eventi-esterni\/\" target=\"_blank\" rel=\"noopener\"><span style=\"font-weight: 400;\">eventi esterni<\/span><\/a><span style=\"font-weight: 400;\">.<\/span><\/p><\/div><\/div><\/div><\/div><\/div><div class=\"vce-col vce-col--md-33-34p vce-col--xs-1 vce-col--xs-last vce-col--xs-first vce-col--sm-last vce-col--sm-first vce-col--md-last vce-col--lg-last vce-col--xl-last\" id=\"el-b58eb89e\"><div class=\"vce-col-inner\" data-vce-do-apply=\"border margin background  el-b58eb89e\"><div class=\"vce-col-content\" data-vce-element-content=\"true\" data-vce-do-apply=\"padding el-b58eb89e\"><div class=\"vce-text-block\"><div class=\"vce-text-block-wrapper vce\" id=\"el-c6ee0c76\" data-vce-do-apply=\"all el-c6ee0c76\"><\/div><\/div><\/div><\/div><\/div><\/div><\/div><\/div>","protected":false},"excerpt":{"rendered":"<p>Convegni e conferenzeI nostri convegni annuali ti permettono di aggiornarti durante il corso della tua carriera professionale e di ampliare la tua rete di contatti.\u00c9QUIVALENCES \u00e9quivalences 2026: &nbsp;Edizioni scorse: \u00e9quivalences 2025 \u00e9quivalences 2024 \u00e9quivalences 2023 \u00e9quivalences 2022 \u00e9quivalences 2021 \u00e9quivalences 2019 UNIVERSIT\u00c0 ESTIVA Universit\u00e0 estiva della traduzione finanziaria ASTTI 1-3 luglio 2026, Spiez Edizione 2024 [&hellip;]<\/p>\n","protected":false},"author":1,"featured_media":0,"parent":0,"menu_order":0,"comment_status":"closed","ping_status":"closed","template":"","meta":{"inline_featured_image":false,"footnotes":""},"class_list":["post-1150","page","type-page","status-publish","hentry"],"acf":[],"_links":{"self":[{"href":"https:\/\/astti.ch\/it\/wp-json\/wp\/v2\/pages\/1150","targetHints":{"allow":["GET"]}}],"collection":[{"href":"https:\/\/astti.ch\/it\/wp-json\/wp\/v2\/pages"}],"about":[{"href":"https:\/\/astti.ch\/it\/wp-json\/wp\/v2\/types\/page"}],"author":[{"embeddable":true,"href":"https:\/\/astti.ch\/it\/wp-json\/wp\/v2\/users\/1"}],"replies":[{"embeddable":true,"href":"https:\/\/astti.ch\/it\/wp-json\/wp\/v2\/comments?post=1150"}],"version-history":[{"count":4,"href":"https:\/\/astti.ch\/it\/wp-json\/wp\/v2\/pages\/1150\/revisions"}],"predecessor-version":[{"id":217998,"href":"https:\/\/astti.ch\/it\/wp-json\/wp\/v2\/pages\/1150\/revisions\/217998"}],"wp:attachment":[{"href":"https:\/\/astti.ch\/it\/wp-json\/wp\/v2\/media?parent=1150"}],"curies":[{"name":"wp","href":"https:\/\/api.w.org\/{rel}","templated":true}]}}