{"id":1162,"date":"2022-02-03T10:16:02","date_gmt":"2022-02-03T10:16:02","guid":{"rendered":"https:\/\/astti.ch\/mentorat\/"},"modified":"2025-01-24T10:03:24","modified_gmt":"2025-01-24T10:03:24","slug":"mentorato","status":"publish","type":"page","link":"https:\/\/astti.ch\/it\/mentorato\/","title":{"rendered":"Mentorato"},"content":{"rendered":"<div class=\"vce-row-container\"><div class=\"vce-row vce-element--has-background vce-row--col-gap-30 banner_inside vce-row-equal-height vce-row-content--top\" data-vce-full-width=\"true\" id=\"el-390c945d\" data-vce-do-apply=\"all el-390c945d\"><div class=\"vce-content-background-container\"><div class=\"vce-asset-background-simple-container vce-visible-all-only vce-asset-background-simple--style-cover vce-asset-background-simple--position-center-center\"><div class=\"vce-asset-background-simple\">\n              <div class=\"vce-asset-background-simple-item vcv-lozad\" data-background-image=\"https:\/\/astti.ch\/wp-content\/uploads\/2021\/11\/AdobeStock_72116406-scaled.jpeg\"><\/div>\n              <noscript>\n                <div class=\"vce-asset-background-simple-item\" style=\"background-image: url(https:\/\/astti.ch\/wp-content\/uploads\/2021\/11\/AdobeStock_72116406-scaled.jpeg)\"><\/div>\n              <\/noscript>\n            <\/div><\/div><div class=\"vce-asset-color-gradient-container vce-visible-all-only\" data-vce-do-apply=\"gradient el-390c945d\"><\/div><\/div><div class=\"vce-row-content\" data-vce-element-content=\"true\"><div class=\"vce-col vce-col--md-auto vce-col--xs-1 vce-col--xs-last vce-col--xs-first vce-col--sm-last vce-col--sm-first vce-col--md-last vce-col--lg-last vce-col--xl-last vce-col--md-first vce-col--lg-first vce-col--xl-first\" id=\"el-c8c54f99\"><div class=\"vce-col-inner\" data-vce-do-apply=\"border margin background  el-c8c54f99\"><div class=\"vce-col-content\" data-vce-element-content=\"true\" data-vce-do-apply=\"padding el-c8c54f99\"><div class=\"vce-text-block\"><div class=\"vce-text-block-wrapper vce\" id=\"el-18abbe3f\" data-vce-do-apply=\"all el-18abbe3f\"><\/div><\/div><div class=\"vce-row-container\" data-vce-boxed-width=\"true\"><div class=\"vce-row vce-row--col-gap-30 vce-row-equal-height vce-row-content--top\" id=\"el-5f19be47\" data-vce-do-apply=\"all el-5f19be47\"><div class=\"vce-row-content\" data-vce-element-content=\"true\"><div class=\"vce-col vce-col--md-auto vce-col--xs-1 vce-col--xs-last vce-col--xs-first vce-col--sm-last vce-col--sm-first vce-col--md-last vce-col--lg-last vce-col--xl-last vce-col--md-first vce-col--lg-first vce-col--xl-first\" id=\"el-b5f58b63\"><div class=\"vce-col-inner\" data-vce-do-apply=\"border margin background  el-b5f58b63\"><div class=\"vce-col-content\" data-vce-element-content=\"true\" data-vce-do-apply=\"padding el-b5f58b63\"><div class=\"vcv-row-control-wrapper\"><\/div><\/div><\/div><\/div><\/div><\/div><\/div><\/div><\/div><\/div><\/div><\/div><\/div><div class=\"vce-row-container\" data-vce-boxed-width=\"true\"><div class=\"vce-row vce-row--col-gap-30 vce-row-equal-height vce-row-content--top\" id=\"el-5da07ff1\" data-vce-do-apply=\"all el-5da07ff1\"><div class=\"vce-row-content\" data-vce-element-content=\"true\"><div class=\"vce-col vce-col--md-66-66p vce-col--xs-1 vce-col--xs-last vce-col--xs-first vce-col--sm-last vce-col--sm-first vce-col--md-first vce-col--lg-first vce-col--xl-first\" id=\"el-586b9a7c\"><div class=\"vce-col-inner\" data-vce-do-apply=\"border margin background  el-586b9a7c\"><div class=\"vce-content-background-container\"><\/div><div class=\"vce-col-content\" data-vce-element-content=\"true\" data-vce-do-apply=\"padding el-586b9a7c\"><div class=\"vce-text-block block-white\"><div class=\"vce-text-block-wrapper vce\" id=\"el-405e6e7f\" data-vce-do-apply=\"all el-405e6e7f\"><h1>Mentorato<\/h1><\/div><\/div><\/div><\/div><\/div><div class=\"vce-col vce-col--md-33-34p vce-col--xs-1 vce-col--xs-last vce-col--xs-first vce-col--sm-last vce-col--sm-first vce-col--md-last vce-col--lg-last vce-col--xl-last\" id=\"el-1cb551b2\"><div class=\"vce-col-inner\" data-vce-do-apply=\"border margin background  el-1cb551b2\"><div class=\"vce-col-content\" data-vce-element-content=\"true\" data-vce-do-apply=\"padding el-1cb551b2\"><div class=\"vcv-row-control-wrapper\"><\/div><\/div><\/div><\/div><\/div><\/div><\/div><div class=\"vce-row-container\" data-vce-boxed-width=\"true\"><div class=\"vce-row vce-row--col-gap-30 vce-row-equal-height vce-row-content--top\" id=\"el-fe327f54\" data-vce-do-apply=\"all el-fe327f54\"><div class=\"vce-content-background-container\"><\/div><div class=\"vce-row-content\" data-vce-element-content=\"true\"><div class=\"vce-col vce-col--md-66-66p vce-col--xs-1 vce-col--xs-last vce-col--xs-first vce-col--sm-last vce-col--sm-first vce-col--md-first vce-col--lg-first vce-col--xl-first\" id=\"el-d6aebe25\"><div class=\"vce-col-inner\" data-vce-do-apply=\"border margin background  el-d6aebe25\"><div class=\"vce-col-content\" data-vce-element-content=\"true\" data-vce-do-apply=\"padding el-d6aebe25\"><div class=\"vce-text-block\"><div class=\"vce-text-block-wrapper vce\" id=\"el-6eecf7b1\" data-vce-do-apply=\"all el-6eecf7b1\"><p>La maggior parte di noi \u00e8 stata confrontata a questa situazione: la formazione \u00e8 terminata, siamo fieri di tenere finalmente in mano l\u2019anelato diploma, ma sorgono gi\u00e0 i primi interrogativi. Cosa fare adesso? Mettersi in proprio o cercare un impiego? Come compilare la dichiarazione delle imposte? Come acquisire i primi clienti? E che fare se uno di loro \u00e8 insoddisfatto? Le persone impiegate che si accingono alla vita professionale possono avvalersi dell\u2019aiuto dei superiori, che le accompagnano e le informano durante tutta la fase di familiarizzazione al lavoro. Per contro, le persone che desiderano mettersi in proprio si ritrovano spesso da sole ed \u00e8 esattamente in questi casi che interviene il programma di mentorato. Alcuni colleghi attivi e di provata esperienza accompagnano per un anno i membri che iniziano un\u2019attivit\u00e0 in quanto indipendenti, per aiutarli a superare questo insidioso traguardo. Entrambe le parti traggono vantaggio dal mentorato: i principianti dispongono di interlocutori competenti capaci di rispondere a tutte le domande, mentre il contatto con i novellini porta una ventata di novit\u00e0 nella prassi professionale dei membri pi\u00f9 esperti, poich\u00e9 rimettere tutto in questione non \u00e8 una necessit\u00e0 assoluta, ma il campo delle possibilit\u00e0 resta infinito e da questa collaborazione sfociano spesso nuove idee.<\/p>\n<p>Invia la tua richiesta al seguente indirizzo e-mail : <a href=\"mailto:mentoring@astti.ch\">mentoring@astti.ch<\/a><\/p><\/div><\/div><\/div><\/div><\/div><div class=\"vce-col vce-col--md-33-34p vce-col--xs-1 vce-col--xs-last vce-col--xs-first vce-col--sm-last vce-col--sm-first vce-col--md-last vce-col--lg-last vce-col--xl-last\" id=\"el-4838f676\"><div class=\"vce-col-inner\" data-vce-do-apply=\"border margin background  el-4838f676\"><div class=\"vce-col-content\" data-vce-element-content=\"true\" data-vce-do-apply=\"padding el-4838f676\"><div class=\"vcv-row-control-wrapper\"><\/div><\/div><\/div><\/div><\/div><\/div><\/div>","protected":false},"excerpt":{"rendered":"<p>MentoratoLa maggior parte di noi \u00e8 stata confrontata a questa situazione: la formazione \u00e8 terminata, siamo fieri di tenere finalmente in mano l\u2019anelato diploma, ma sorgono gi\u00e0 i primi interrogativi. Cosa fare adesso? Mettersi in proprio o cercare un impiego? Come compilare la dichiarazione delle imposte? Come acquisire i primi clienti? E che fare se [&hellip;]<\/p>\n","protected":false},"author":1,"featured_media":0,"parent":0,"menu_order":0,"comment_status":"closed","ping_status":"closed","template":"","meta":{"inline_featured_image":false,"footnotes":""},"class_list":["post-1162","page","type-page","status-publish","hentry"],"acf":[],"_links":{"self":[{"href":"https:\/\/astti.ch\/it\/wp-json\/wp\/v2\/pages\/1162","targetHints":{"allow":["GET"]}}],"collection":[{"href":"https:\/\/astti.ch\/it\/wp-json\/wp\/v2\/pages"}],"about":[{"href":"https:\/\/astti.ch\/it\/wp-json\/wp\/v2\/types\/page"}],"author":[{"embeddable":true,"href":"https:\/\/astti.ch\/it\/wp-json\/wp\/v2\/users\/1"}],"replies":[{"embeddable":true,"href":"https:\/\/astti.ch\/it\/wp-json\/wp\/v2\/comments?post=1162"}],"version-history":[{"count":3,"href":"https:\/\/astti.ch\/it\/wp-json\/wp\/v2\/pages\/1162\/revisions"}],"predecessor-version":[{"id":211132,"href":"https:\/\/astti.ch\/it\/wp-json\/wp\/v2\/pages\/1162\/revisions\/211132"}],"wp:attachment":[{"href":"https:\/\/astti.ch\/it\/wp-json\/wp\/v2\/media?parent=1162"}],"curies":[{"name":"wp","href":"https:\/\/api.w.org\/{rel}","templated":true}]}}