{"id":1880,"date":"2023-09-03T14:38:49","date_gmt":"2023-09-03T14:38:49","guid":{"rendered":"https:\/\/astti.ch\/?page_id=1880"},"modified":"2023-09-04T13:11:11","modified_gmt":"2023-09-04T13:11:11","slug":"equivalences","status":"publish","type":"page","link":"https:\/\/astti.ch\/it\/equivalences\/","title":{"rendered":"\u00e9quivalences 2023"},"content":{"rendered":"<div class=\"vce-row-container\"><div class=\"vce-row vce-element--has-background vce-row--col-gap-30 banner_inside vce-row-equal-height vce-row-content--top\" data-vce-full-width=\"true\" id=\"el-30e5b2f9\" data-vce-do-apply=\"all el-30e5b2f9\"><div class=\"vce-content-background-container\"><div class=\"vce-asset-background-simple-container vce-visible-all-only vce-asset-background-simple--style-cover vce-asset-background-simple--position-center-center\"><div class=\"vce-asset-background-simple\">\n              <div class=\"vce-asset-background-simple-item vcv-lozad\" data-background-image=\"https:\/\/astti.ch\/wp-content\/uploads\/2021\/11\/AdobeStock_72116406-scaled.jpeg\"><\/div>\n              <noscript>\n                <div class=\"vce-asset-background-simple-item\" style=\"background-image: url(https:\/\/astti.ch\/wp-content\/uploads\/2021\/11\/AdobeStock_72116406-scaled.jpeg)\"><\/div>\n              <\/noscript>\n            <\/div><\/div><div class=\"vce-asset-color-gradient-container vce-visible-all-only\" data-vce-do-apply=\"gradient el-30e5b2f9\"><\/div><\/div><div class=\"vce-row-content\" data-vce-element-content=\"true\"><div class=\"vce-col vce-col--md-auto vce-col--xs-1 vce-col--xs-last vce-col--xs-first vce-col--sm-last vce-col--sm-first vce-col--md-last vce-col--lg-last vce-col--xl-last vce-col--md-first vce-col--lg-first vce-col--xl-first\" id=\"el-38580f08\"><div class=\"vce-col-inner\" data-vce-do-apply=\"border margin background  el-38580f08\"><div class=\"vce-col-content\" data-vce-element-content=\"true\" data-vce-do-apply=\"padding el-38580f08\"><div class=\"vce-text-block\"><div class=\"vce-text-block-wrapper vce\" id=\"el-61f01b54\" data-vce-do-apply=\"all el-61f01b54\"><\/div><\/div><div class=\"vce-row-container\" data-vce-boxed-width=\"true\"><div class=\"vce-row vce-row--col-gap-30 vce-row-equal-height vce-row-content--top\" id=\"el-d9c1b798\" data-vce-do-apply=\"all el-d9c1b798\"><div class=\"vce-row-content\" data-vce-element-content=\"true\"><div class=\"vce-col vce-col--md-auto vce-col--xs-1 vce-col--xs-last vce-col--xs-first vce-col--sm-last vce-col--sm-first vce-col--md-last vce-col--lg-last vce-col--xl-last vce-col--md-first vce-col--lg-first vce-col--xl-first\" id=\"el-9db08fc4\"><div class=\"vce-col-inner\" data-vce-do-apply=\"border margin background  el-9db08fc4\"><div class=\"vce-col-content\" data-vce-element-content=\"true\" data-vce-do-apply=\"padding el-9db08fc4\"><div><\/div><\/div><\/div><\/div><\/div><\/div><\/div><\/div><\/div><\/div><\/div><\/div><\/div><div class=\"vce-row-container\" data-vce-boxed-width=\"true\"><div class=\"vce-row vce-row--col-gap-30 vce-row-equal-height vce-row-content--top\" id=\"el-41b22d95\" data-vce-do-apply=\"all el-41b22d95\"><div class=\"vce-row-content\" data-vce-element-content=\"true\"><div class=\"vce-col vce-col--md-66-66p vce-col--xs-1 vce-col--xs-last vce-col--xs-first vce-col--sm-last vce-col--sm-first vce-col--md-first vce-col--lg-first vce-col--xl-first\" id=\"el-e702e4e5\"><div class=\"vce-col-inner\" data-vce-do-apply=\"border margin background  el-e702e4e5\"><div class=\"vce-content-background-container\"><\/div><div class=\"vce-col-content\" data-vce-element-content=\"true\" data-vce-do-apply=\"padding el-e702e4e5\"><div class=\"vce-text-block block-white\"><div class=\"vce-text-block-wrapper vce\" id=\"el-45ae2a45\" data-vce-do-apply=\"all el-45ae2a45\"><h1>\u00e9quivalences 2023<\/h1>\n<h3><span style=\"color: #993300;\">3 novembre 2023, Kursaal de Berne<\/span><\/h3>\n<h1><span style=\"font-size: 24pt;\">Quanto \u00e8 sicura la sicurezza?<\/span><\/h1>\n<h2>Tutto ci\u00f2 che devono sapere i fornitori di servizi linguistici<\/h2><\/div><\/div><\/div><\/div><\/div><div class=\"vce-col vce-col--md-33-34p vce-col--xs-1 vce-col--xs-last vce-col--xs-first vce-col--sm-last vce-col--sm-first vce-col--md-last vce-col--lg-last vce-col--xl-last\" id=\"el-5c0710dd\"><div class=\"vce-col-inner\" data-vce-do-apply=\"border margin background  el-5c0710dd\"><div class=\"vce-col-content\" data-vce-element-content=\"true\" data-vce-do-apply=\"padding el-5c0710dd\"><div><\/div><\/div><\/div><\/div><\/div><\/div><\/div><div class=\"vce-row-container\" data-vce-boxed-width=\"true\"><div class=\"vce-row vce-row--col-gap-30 vce-row-equal-height vce-row-content--middle\" id=\"el-4a1d15ea\" data-vce-do-apply=\"all el-4a1d15ea\"><div class=\"vce-content-background-container\"><\/div><div class=\"vce-row-content\" data-vce-element-content=\"true\"><div class=\"vce-col vce-col--md-auto vce-col--xs-1 vce-col--xs-last vce-col--xs-first vce-col--sm-last vce-col--sm-first vce-col--md-first vce-col--lg-first vce-col--xl-first\" id=\"el-f9b28f8a\"><div class=\"vce-col-inner\" data-vce-do-apply=\"border margin background  el-f9b28f8a\"><div class=\"vce-col-content\" data-vce-element-content=\"true\" data-vce-do-apply=\"padding el-f9b28f8a\"><div class=\"vce-single-image-container vce-single-image--align-left\"><div class=\"vce vce-single-image-wrapper\" id=\"el-f62eb19f\" data-vce-do-apply=\"all el-f62eb19f\"><figure><div class=\"vce-single-image-figure-inner\" style=\"width: 1024px;\"><div class=\"vce-single-image-inner vce-single-image--absolute\" style=\"width: 100%; padding-bottom: 66.6992%;\"><img loading=\"lazy\" decoding=\"async\" class=\"vce-single-image\"  width=\"1024\" height=\"683\" srcset=\"https:\/\/astti.ch\/wp-content\/uploads\/2023\/08\/astti-equivalences-sicherheit-1024x683.jpg 1024w, https:\/\/astti.ch\/wp-content\/uploads\/2023\/08\/astti-equivalences-sicherheit-320x214.jpg 320w, https:\/\/astti.ch\/wp-content\/uploads\/2023\/08\/astti-equivalences-sicherheit-480x320.jpg 480w, https:\/\/astti.ch\/wp-content\/uploads\/2023\/08\/astti-equivalences-sicherheit-800x534.jpg 800w\" src=\"https:\/\/astti.ch\/wp-content\/uploads\/2023\/08\/astti-equivalences-sicherheit-1024x683.jpg\" data-img-src=\"https:\/\/astti.ch\/wp-content\/uploads\/2023\/08\/astti-equivalences-sicherheit.jpg\" data-attachment-id=\"202770\"  alt=\"In Zeiten von KI und Big Data ist Sicherheit auch in der \u00dcbersetzungsbranche enorm wichtig.\" title=\"astti-equivalences-sicherheit\" \/><\/div><\/div><figcaption hidden=\"\"><\/figcaption><\/figure><\/div><\/div><\/div><\/div><\/div><div class=\"vce-col vce-col--md-auto vce-col--xs-1 vce-col--xs-last vce-col--xs-first vce-col--sm-last vce-col--sm-first vce-col--md-last vce-col--lg-last vce-col--xl-last\" id=\"el-275e59a4\"><div class=\"vce-col-inner\" data-vce-do-apply=\"border margin background  el-275e59a4\"><div class=\"vce-col-content\" data-vce-element-content=\"true\" data-vce-do-apply=\"padding el-275e59a4\"><div class=\"vce-text-block\"><div class=\"vce-text-block-wrapper vce\" id=\"el-fa044cce\" data-vce-do-apply=\"all el-fa044cce\"><\/div><\/div><div class=\"vce-text-block\"><div class=\"vce-text-block-wrapper vce\" id=\"el-c55e6716\" data-vce-do-apply=\"all el-c55e6716\"><\/div><\/div><\/div><\/div><\/div><\/div><\/div><\/div><div class=\"vce-row-container\" data-vce-boxed-width=\"true\"><div class=\"vce-row vce-row--col-gap-30 vce-row-equal-height vce-row-content--top\" id=\"el-12062991\" data-vce-do-apply=\"all el-12062991\"><div class=\"vce-content-background-container\"><\/div><div class=\"vce-row-content\" data-vce-element-content=\"true\"><div class=\"vce-col vce-col--md-auto vce-col--xs-1 vce-col--xs-last vce-col--xs-first vce-col--sm-last vce-col--sm-first vce-col--md-last vce-col--lg-last vce-col--xl-last vce-col--md-first vce-col--lg-first vce-col--xl-first\" id=\"el-b0b6e841\"><div class=\"vce-col-inner\" data-vce-do-apply=\"border margin background  el-b0b6e841\"><div class=\"vce-col-content\" data-vce-element-content=\"true\" data-vce-do-apply=\"padding el-b0b6e841\"><div class=\"vce-text-block\"><div class=\"vce-text-block-wrapper vce\" id=\"el-e37aa421\" data-vce-do-apply=\"all el-e37aa421\"><p><span style=\"font-size: 14pt;\"><strong>Trovate tutte le informazioni dettagliate in merito al programma e all\u2019iscrizione qui in lingua <a href=\"https:\/\/astti.ch\/de\/equivalences\/\" target=\"_blank\" rel=\"noopener\">tedesca<\/a> o <a href=\"https:\/\/astti.ch\/equivalences\/\" target=\"_blank\" rel=\"noopener\">francese<\/a>.<\/strong><\/span><\/p><\/div><\/div><div class=\"vce-text-block\"><div class=\"vce-text-block-wrapper vce\" id=\"el-631f5be7\" data-vce-do-apply=\"all el-631f5be7\"><\/div><\/div><div class=\"vce-text-block\"><div class=\"vce-text-block-wrapper vce\" id=\"el-457e4613\" data-vce-do-apply=\"all el-457e4613\"><\/div><\/div><div class=\"vce-shortcode\"><div class=\"vce-shortcode-wrapper vce\" id=\"el-11a7fe80\" data-vce-do-apply=\"all el-11a7fe80\"><div class=\"woocommerce columns-3 \"><\/div><\/div><\/div><\/div><\/div><\/div><\/div><\/div><\/div><div class=\"vce-row-container\" data-vce-boxed-width=\"true\"><div class=\"vce-row vce-row--col-gap-30 vce-row-equal-height vce-row-content--top\" id=\"el-e3d72842\" data-vce-do-apply=\"all el-e3d72842\"><div class=\"vce-row-content\" data-vce-element-content=\"true\"><div class=\"vce-col vce-col--md-auto vce-col--xs-1 vce-col--xs-last vce-col--xs-first vce-col--sm-last vce-col--sm-first vce-col--md-last vce-col--lg-last vce-col--xl-last vce-col--md-first vce-col--lg-first vce-col--xl-first\" id=\"el-a81417de\"><div class=\"vce-col-inner\" data-vce-do-apply=\"border margin background  el-a81417de\"><div class=\"vce-col-content\" data-vce-element-content=\"true\" data-vce-do-apply=\"padding el-a81417de\"><div><\/div><\/div><\/div><\/div><\/div><\/div><\/div>","protected":false},"excerpt":{"rendered":"<p>\u00e9quivalences 2023 3 novembre 2023, Kursaal de Berne Quanto \u00e8 sicura la sicurezza? Tutto ci\u00f2 che devono sapere i fornitori di servizi linguisticiTrovate tutte le informazioni dettagliate in merito al programma e all\u2019iscrizione qui in lingua tedesca o francese.<\/p>\n","protected":false},"author":380,"featured_media":0,"parent":0,"menu_order":0,"comment_status":"closed","ping_status":"closed","template":"","meta":{"inline_featured_image":false,"footnotes":""},"class_list":["post-1880","page","type-page","status-publish","hentry"],"acf":[],"_links":{"self":[{"href":"https:\/\/astti.ch\/it\/wp-json\/wp\/v2\/pages\/1880","targetHints":{"allow":["GET"]}}],"collection":[{"href":"https:\/\/astti.ch\/it\/wp-json\/wp\/v2\/pages"}],"about":[{"href":"https:\/\/astti.ch\/it\/wp-json\/wp\/v2\/types\/page"}],"author":[{"embeddable":true,"href":"https:\/\/astti.ch\/it\/wp-json\/wp\/v2\/users\/380"}],"replies":[{"embeddable":true,"href":"https:\/\/astti.ch\/it\/wp-json\/wp\/v2\/comments?post=1880"}],"version-history":[{"count":3,"href":"https:\/\/astti.ch\/it\/wp-json\/wp\/v2\/pages\/1880\/revisions"}],"predecessor-version":[{"id":202977,"href":"https:\/\/astti.ch\/it\/wp-json\/wp\/v2\/pages\/1880\/revisions\/202977"}],"wp:attachment":[{"href":"https:\/\/astti.ch\/it\/wp-json\/wp\/v2\/media?parent=1880"}],"curies":[{"name":"wp","href":"https:\/\/api.w.org\/{rel}","templated":true}]}}