{"id":945,"date":"2021-12-01T04:44:48","date_gmt":"2021-12-01T04:44:48","guid":{"rendered":"https:\/\/astti.ch\/formations-astti\/"},"modified":"2025-12-24T13:58:10","modified_gmt":"2025-12-24T13:58:10","slug":"formazioni-astti","status":"publish","type":"page","link":"https:\/\/astti.ch\/it\/formazioni-astti\/","title":{"rendered":"Formazioni ASTTI"},"content":{"rendered":"<div class=\"vce-row-container\"><div class=\"vce-row vce-element--has-background vce-row--col-gap-30 banner_inside vce-row-equal-height vce-row-content--top\" data-vce-full-width=\"true\" id=\"el-30e5b2f9\" data-vce-do-apply=\"all el-30e5b2f9\"><div class=\"vce-content-background-container\"><div class=\"vce-asset-background-simple-container vce-visible-all-only vce-asset-background-simple--style-cover vce-asset-background-simple--position-center-center\"><div class=\"vce-asset-background-simple\">\n              <div class=\"vce-asset-background-simple-item vcv-lozad\" data-background-image=\"https:\/\/astti.ch\/wp-content\/uploads\/2021\/11\/AdobeStock_72116406-scaled.jpeg\"><\/div>\n              <noscript>\n                <div class=\"vce-asset-background-simple-item\" style=\"background-image: url(https:\/\/astti.ch\/wp-content\/uploads\/2021\/11\/AdobeStock_72116406-scaled.jpeg)\"><\/div>\n              <\/noscript>\n            <\/div><\/div><div class=\"vce-asset-color-gradient-container vce-visible-all-only\" data-vce-do-apply=\"gradient el-30e5b2f9\"><\/div><\/div><div class=\"vce-row-content\" data-vce-element-content=\"true\"><div class=\"vce-col vce-col--md-auto vce-col--xs-1 vce-col--xs-last vce-col--xs-first vce-col--sm-last vce-col--sm-first vce-col--md-last vce-col--lg-last vce-col--xl-last vce-col--md-first vce-col--lg-first vce-col--xl-first\" id=\"el-38580f08\"><div class=\"vce-col-inner\" data-vce-do-apply=\"border margin background  el-38580f08\"><div class=\"vce-col-content\" data-vce-element-content=\"true\" data-vce-do-apply=\"padding el-38580f08\"><div class=\"vce-text-block\"><div class=\"vce-text-block-wrapper vce\" id=\"el-61f01b54\" data-vce-do-apply=\"all el-61f01b54\"><\/div><\/div><div class=\"vce-row-container\" data-vce-boxed-width=\"true\"><div class=\"vce-row vce-row--col-gap-30 vce-row-equal-height vce-row-content--top\" id=\"el-d9c1b798\" data-vce-do-apply=\"all el-d9c1b798\"><div class=\"vce-row-content\" data-vce-element-content=\"true\"><div class=\"vce-col vce-col--md-auto vce-col--xs-1 vce-col--xs-last vce-col--xs-first vce-col--sm-last vce-col--sm-first vce-col--md-last vce-col--lg-last vce-col--xl-last vce-col--md-first vce-col--lg-first vce-col--xl-first\" id=\"el-9db08fc4\"><div class=\"vce-col-inner\" data-vce-do-apply=\"border margin background  el-9db08fc4\"><div class=\"vce-col-content\" data-vce-element-content=\"true\" data-vce-do-apply=\"padding el-9db08fc4\"><div class=\"vcv-row-control-wrapper\"><\/div><\/div><\/div><\/div><\/div><\/div><\/div><\/div><\/div><\/div><\/div><\/div><\/div><div class=\"vce-row-container\" data-vce-boxed-width=\"true\"><div class=\"vce-row vce-row--col-gap-30 vce-row-equal-height vce-row-content--top\" id=\"el-41b22d95\" data-vce-do-apply=\"all el-41b22d95\"><div class=\"vce-row-content\" data-vce-element-content=\"true\"><div class=\"vce-col vce-col--md-66-66p vce-col--xs-1 vce-col--xs-last vce-col--xs-first vce-col--sm-last vce-col--sm-first vce-col--md-first vce-col--lg-first vce-col--xl-first\" id=\"el-e702e4e5\"><div class=\"vce-col-inner\" data-vce-do-apply=\"border margin background  el-e702e4e5\"><div class=\"vce-content-background-container\"><\/div><div class=\"vce-col-content\" data-vce-element-content=\"true\" data-vce-do-apply=\"padding el-e702e4e5\"><div class=\"vce-text-block block-white\"><div class=\"vce-text-block-wrapper vce\" id=\"el-45ae2a45\" data-vce-do-apply=\"all el-45ae2a45\"><h1>Formazioni ASTTI<\/h1><\/div><\/div><\/div><\/div><\/div><div class=\"vce-col vce-col--md-33-34p vce-col--xs-1 vce-col--xs-last vce-col--xs-first vce-col--sm-last vce-col--sm-first vce-col--md-last vce-col--lg-last vce-col--xl-last\" id=\"el-5c0710dd\"><div class=\"vce-col-inner\" data-vce-do-apply=\"border margin background  el-5c0710dd\"><div class=\"vce-col-content\" data-vce-element-content=\"true\" data-vce-do-apply=\"padding el-5c0710dd\"><div class=\"vcv-row-control-wrapper\"><\/div><\/div><\/div><\/div><\/div><\/div><\/div><div class=\"vce-row-container\" data-vce-boxed-width=\"true\"><div class=\"vce-row vce-row--col-gap-30 vce-row-equal-height vce-row-content--middle\" id=\"el-4a1d15ea\" data-vce-do-apply=\"all el-4a1d15ea\"><div class=\"vce-content-background-container\"><\/div><div class=\"vce-row-content\" data-vce-element-content=\"true\"><div class=\"vce-col vce-col--md-auto vce-col--xs-1 vce-col--xs-last vce-col--xs-first vce-col--sm-last vce-col--sm-first vce-col--md-first vce-col--lg-first vce-col--xl-first\" id=\"el-f9b28f8a\"><div class=\"vce-col-inner\" data-vce-do-apply=\"border margin background  el-f9b28f8a\"><div class=\"vce-col-content\" data-vce-element-content=\"true\" data-vce-do-apply=\"padding el-f9b28f8a\"><div class=\"vce-single-image-container vce-single-image--align-left\"><div class=\"vce vce-single-image-wrapper\" id=\"el-f8ed28ab\" data-vce-do-apply=\"all el-f8ed28ab\"><figure><div class=\"vce-single-image-figure-inner\" style=\"width: 960px;\"><div class=\"vce-single-image-inner vce-single-image--absolute\" style=\"width: 100%; padding-bottom: 66.6667%;\"><img loading=\"lazy\" decoding=\"async\" class=\"vce-single-image\"  width=\"960\" height=\"640\" srcset=\"https:\/\/astti.ch\/wp-content\/uploads\/2025\/12\/single-image-320x213.jpg 320w, https:\/\/astti.ch\/wp-content\/uploads\/2025\/12\/single-image-480x320.jpg 480w, https:\/\/astti.ch\/wp-content\/uploads\/2025\/12\/single-image-800x533.jpg 800w, https:\/\/astti.ch\/wp-content\/uploads\/2025\/12\/single-image-960x640.jpg 960w\" src=\"https:\/\/astti.ch\/wp-content\/uploads\/2025\/12\/single-image-960x640.jpg\" data-img-src=\"https:\/\/astti.ch\/wp-content\/plugins\/visualcomposer\/elements\/singleImage\/singleImage\/public\/single-image.jpg\" data-attachment-id=\"0\"   alt=\"\" title=\"\" \/><\/div><\/div><figcaption hidden=\"\"><\/figcaption><\/figure><\/div><\/div><\/div><\/div><\/div><div class=\"vce-col vce-col--md-auto vce-col--xs-1 vce-col--xs-last vce-col--xs-first vce-col--sm-last vce-col--sm-first vce-col--md-last vce-col--lg-last vce-col--xl-last\" id=\"el-275e59a4\"><div class=\"vce-col-inner\" data-vce-do-apply=\"border margin background  el-275e59a4\"><div class=\"vce-col-content\" data-vce-element-content=\"true\" data-vce-do-apply=\"padding el-275e59a4\"><div class=\"vce-text-block\"><div class=\"vce-text-block-wrapper vce\" id=\"el-fa044cce\" data-vce-do-apply=\"all el-fa044cce\"><p>L\u2019ASTTI organizza regolarmente corsi in presenza e webinar per rimanere aggiornati nel proprio settore professionale, informarsi sulle condizioni per l\u2019esercizio della propria attivit\u00e0 e conoscere in maniera pi\u00f9 approfondita i strumenti di supporto alla traduzione.<\/p>\n<p><strong><em>\u00e9quivalences<\/em><\/strong>&nbsp;\u00e8 il nostro convegno annuale che permette ai professionisti del settore, che siano membri dell\u2019ASTTI o meno, di confrontarsi su questioni d\u2019attualit\u00e0.<\/p>\n<p>Ai nostri membri sono riservate tariffe agevolate.<\/p><\/div><\/div><\/div><\/div><\/div><\/div><\/div><\/div><div class=\"vce-row-container\" data-vce-boxed-width=\"true\"><div class=\"vce-row vce-row--col-gap-30 vce-row-equal-height vce-row-content--top\" id=\"el-12062991\" data-vce-do-apply=\"all el-12062991\"><div class=\"vce-content-background-container\"><\/div><div class=\"vce-row-content\" data-vce-element-content=\"true\"><div class=\"vce-col vce-col--md-auto vce-col--xs-1 vce-col--xs-last vce-col--xs-first vce-col--sm-last vce-col--sm-first vce-col--md-last vce-col--lg-last vce-col--xl-last vce-col--md-first vce-col--lg-first vce-col--xl-first\" id=\"el-b0b6e841\"><div class=\"vce-col-inner\" data-vce-do-apply=\"border margin background  el-b0b6e841\"><div class=\"vce-col-content\" data-vce-element-content=\"true\" data-vce-do-apply=\"padding el-b0b6e841\"><div class=\"vce-text-block\"><div class=\"vce-text-block-wrapper vce\" id=\"el-631f5be7\" data-vce-do-apply=\"all el-631f5be7\"><h2>Elenco dei corsi di formazione<\/h2><\/div><\/div><div class=\"vce-shortcode\"><div class=\"vce-shortcode-wrapper vce\" id=\"el-b63df355\" data-vce-do-apply=\"all el-b63df355\"><div class=\"woocommerce columns-3 \"><ul class=\"products columns-3\">\n<li class=\"product type-product post-217389 status-publish first outofstock product_cat-fomations-astti-it has-post-thumbnail shipping-taxable product-type-variable woopt_\">\n\t<a href=\"https:\/\/astti.ch\/it\/produit\/content-marketing-basics-fuer-sprachprofis\/\" class=\"woocommerce-LoopProduct-link woocommerce-loop-product__link\"><img width=\"500\" height=\"375\" src=\"https:\/\/astti.ch\/wp-content\/uploads\/2025\/12\/marketing-basics-anna-hubert-500x375.jpg\" class=\"attachment-woocommerce_thumbnail size-woocommerce_thumbnail\" alt=\"\u00ab(Content-)Marketing-Basics f\u00fcr Sprachprofis\u00bb\" srcset=\"https:\/\/astti.ch\/wp-content\/uploads\/2025\/12\/marketing-basics-anna-hubert-500x375.jpg 500w, https:\/\/astti.ch\/wp-content\/uploads\/2025\/12\/marketing-basics-anna-hubert-300x225.jpg 300w, https:\/\/astti.ch\/wp-content\/uploads\/2025\/12\/marketing-basics-anna-hubert-1024x768.jpg 1024w, https:\/\/astti.ch\/wp-content\/uploads\/2025\/12\/marketing-basics-anna-hubert-768x576.jpg 768w, https:\/\/astti.ch\/wp-content\/uploads\/2025\/12\/marketing-basics-anna-hubert-1536x1152.jpg 1536w, https:\/\/astti.ch\/wp-content\/uploads\/2025\/12\/marketing-basics-anna-hubert-320x240.jpg 320w, https:\/\/astti.ch\/wp-content\/uploads\/2025\/12\/marketing-basics-anna-hubert-480x360.jpg 480w, https:\/\/astti.ch\/wp-content\/uploads\/2025\/12\/marketing-basics-anna-hubert-800x600.jpg 800w, https:\/\/astti.ch\/wp-content\/uploads\/2025\/12\/marketing-basics-anna-hubert-600x450.jpg 600w, https:\/\/astti.ch\/wp-content\/uploads\/2025\/12\/marketing-basics-anna-hubert.jpg 1920w\" sizes=\"(max-width: 500px) 100vw, 500px\" \/><h2 class=\"woocommerce-loop-product__title\">\u00ab(Content-)Marketing-Basics f\u00fcr Sprachprofis\u00bb<\/h2>05\/02\/2026<p><\/p>\n<\/a><a href=\"https:\/\/astti.ch\/it\/produit\/content-marketing-basics-fuer-sprachprofis\/\" aria-describedby=\"woocommerce_loop_add_to_cart_link_describedby_217389\" data-quantity=\"1\" class=\"button product_type_variable\" data-product_id=\"217389\" data-product_sku=\"\" aria-label=\"Seleziona le opzioni per &ldquo;\u00ab(Content-)Marketing-Basics f\u00fcr Sprachprofis\u00bb&rdquo;\" rel=\"nofollow\">Leggi tutto<\/a>\t<span id=\"woocommerce_loop_add_to_cart_link_describedby_217389\" class=\"screen-reader-text\">\n\t\t\t<\/span>\n<\/li>\n<li class=\"product type-product post-217430 status-publish outofstock product_cat-fomations-astti-it has-post-thumbnail shipping-taxable product-type-variable woopt_\">\n\t<a href=\"https:\/\/astti.ch\/it\/produit\/ux-writing-tra-design-e-localizzazione\/\" class=\"woocommerce-LoopProduct-link woocommerce-loop-product__link\"><img width=\"500\" height=\"375\" src=\"https:\/\/astti.ch\/wp-content\/uploads\/2025\/12\/UX-Writing_IT-500x375.jpg\" class=\"attachment-woocommerce_thumbnail size-woocommerce_thumbnail\" alt=\"UX Writing, tra design e localizzazione\" \/><h2 class=\"woocommerce-loop-product__title\">UX Writing, tra design e localizzazione<\/h2>26\/02\/2026<p><\/p>\n<\/a><a href=\"https:\/\/astti.ch\/it\/produit\/ux-writing-tra-design-e-localizzazione\/\" aria-describedby=\"woocommerce_loop_add_to_cart_link_describedby_217430\" data-quantity=\"1\" class=\"button product_type_variable\" data-product_id=\"217430\" data-product_sku=\"\" aria-label=\"Seleziona le opzioni per &ldquo;UX Writing, tra design e localizzazione&rdquo;\" rel=\"nofollow\">Leggi tutto<\/a>\t<span id=\"woocommerce_loop_add_to_cart_link_describedby_217430\" class=\"screen-reader-text\">\n\t\t\t<\/span>\n<\/li>\n<\/ul>\n<\/div><\/div><\/div><div class=\"vce-text-block\"><div class=\"vce-text-block-wrapper vce\" id=\"el-f2aee6e1\" data-vce-do-apply=\"all el-f2aee6e1\"><p><b>Online-Workshop UX Writing&nbsp;<\/b><b>(FR)<br><\/b>Referentin und Termin: tbc<\/p>\n<p>****************<\/p>\n<p><b>Online-Workshop UX Writing&nbsp;<\/b><b>(DE)<br><\/b>Referentin und Termin: tbc<\/p><\/div><\/div><\/div><\/div><\/div><\/div><\/div><\/div>","protected":false},"excerpt":{"rendered":"<p>Formazioni ASTTIL\u2019ASTTI organizza regolarmente corsi in presenza e webinar per rimanere aggiornati nel proprio settore professionale, informarsi sulle condizioni per l\u2019esercizio della propria attivit\u00e0 e conoscere in maniera pi\u00f9 approfondita i strumenti di supporto alla traduzione. \u00e9quivalences&nbsp;\u00e8 il nostro convegno annuale che permette ai professionisti del settore, che siano membri dell\u2019ASTTI o meno, di confrontarsi [&hellip;]<\/p>\n","protected":false},"author":1,"featured_media":0,"parent":0,"menu_order":0,"comment_status":"closed","ping_status":"closed","template":"","meta":{"inline_featured_image":false,"footnotes":""},"class_list":["post-945","page","type-page","status-publish","hentry"],"acf":[],"_links":{"self":[{"href":"https:\/\/astti.ch\/it\/wp-json\/wp\/v2\/pages\/945","targetHints":{"allow":["GET"]}}],"collection":[{"href":"https:\/\/astti.ch\/it\/wp-json\/wp\/v2\/pages"}],"about":[{"href":"https:\/\/astti.ch\/it\/wp-json\/wp\/v2\/types\/page"}],"author":[{"embeddable":true,"href":"https:\/\/astti.ch\/it\/wp-json\/wp\/v2\/users\/1"}],"replies":[{"embeddable":true,"href":"https:\/\/astti.ch\/it\/wp-json\/wp\/v2\/comments?post=945"}],"version-history":[{"count":3,"href":"https:\/\/astti.ch\/it\/wp-json\/wp\/v2\/pages\/945\/revisions"}],"predecessor-version":[{"id":217395,"href":"https:\/\/astti.ch\/it\/wp-json\/wp\/v2\/pages\/945\/revisions\/217395"}],"wp:attachment":[{"href":"https:\/\/astti.ch\/it\/wp-json\/wp\/v2\/media?parent=945"}],"curies":[{"name":"wp","href":"https:\/\/api.w.org\/{rel}","templated":true}]}}