{"id":206546,"date":"2024-03-12T15:18:16","date_gmt":"2024-03-12T15:18:16","guid":{"rendered":"https:\/\/astti.ch\/?post_type=product&#038;p=206546"},"modified":"2024-08-16T08:50:20","modified_gmt":"2024-08-16T08:50:20","slug":"universita-estiva-giovedi","status":"publish","type":"product","link":"https:\/\/astti.ch\/it\/produit\/universita-estiva-giovedi\/","title":{"rendered":"Universit\u00e0 estiva, gioved\u00ec"},"content":{"rendered":"<p>Questo pass giornaliero \u00e8 valido per il secondo giorno della conferenza (4 luglio 2024).<\/p>\n<p>Il prezzo comprende la partecipazione alle presentazioni e ai workshop previsti per quel giorno, pi\u00f9 le pause caff\u00e8 e il pranzo.<\/p>\n<p>I membri di un\u2019associazione partner (affiliata alla FIT, D\u00dcV, juslingua) sono pregati di inserire il nome dell\u2019associazione e il numero di socio.<\/p>\n","protected":false},"excerpt":{"rendered":"<p>Questo pass giornaliero \u00e8 valido per il secondo giorno della conferenza (4 luglio 2024). Il prezzo comprende la partecipazione alle presentazioni e ai workshop previsti per quel giorno, pi\u00f9 le pause caff\u00e8 e il pranzo. I membri di un\u2019associazione partner (affiliata alla FIT, D\u00dcV, juslingua) sono pregati di inserire il nome dell\u2019associazione e il numero [&hellip;]<\/p>\n","protected":false},"featured_media":206425,"template":"","meta":{"inline_featured_image":false},"product_brand":[],"product_cat":[416],"product_tag":[],"class_list":{"0":"post-206546","1":"product","2":"type-product","3":"status-publish","4":"has-post-thumbnail","6":"product_cat-ftsc2024-it","8":"first","9":"instock","10":"shipping-taxable","11":"purchasable","12":"product-type-variable"},"acf":[],"_links":{"self":[{"href":"https:\/\/astti.ch\/it\/wp-json\/wp\/v2\/product\/206546","targetHints":{"allow":["GET"]}}],"collection":[{"href":"https:\/\/astti.ch\/it\/wp-json\/wp\/v2\/product"}],"about":[{"href":"https:\/\/astti.ch\/it\/wp-json\/wp\/v2\/types\/product"}],"wp:featuredmedia":[{"embeddable":true,"href":"https:\/\/astti.ch\/it\/wp-json\/wp\/v2\/media\/206425"}],"wp:attachment":[{"href":"https:\/\/astti.ch\/it\/wp-json\/wp\/v2\/media?parent=206546"}],"wp:term":[{"taxonomy":"product_brand","embeddable":true,"href":"https:\/\/astti.ch\/it\/wp-json\/wp\/v2\/product_brand?post=206546"},{"taxonomy":"product_cat","embeddable":true,"href":"https:\/\/astti.ch\/it\/wp-json\/wp\/v2\/product_cat?post=206546"},{"taxonomy":"product_tag","embeddable":true,"href":"https:\/\/astti.ch\/it\/wp-json\/wp\/v2\/product_tag?post=206546"}],"curies":[{"name":"wp","href":"https:\/\/api.w.org\/{rel}","templated":true}]}}