{"id":206563,"date":"2024-03-12T15:18:13","date_gmt":"2024-03-12T15:18:13","guid":{"rendered":"https:\/\/astti.ch\/?post_type=product&#038;p=206563"},"modified":"2024-08-16T08:51:02","modified_gmt":"2024-08-16T08:51:02","slug":"universita-estiva-giovedi-copie","status":"publish","type":"product","link":"https:\/\/astti.ch\/it\/produit\/universita-estiva-giovedi-copie\/","title":{"rendered":"Universit\u00e0 estiva, venerd\u00ec"},"content":{"rendered":"<p>Questo pass giornaliero \u00e8 valido per il terzo giorno della conferenza (5 luglio 2024).<\/p>\n<p>Il prezzo comprende la partecipazione alle presentazioni e ai traduelli previsti per quel giorno, pi\u00f9 le pause caff\u00e8 e il pranzo.<\/p>\n<p>I membri di un\u2019associazione partner (affiliata alla FIT, D\u00dcV, juslingua) sono pregati di inserire il nome dell\u2019associazione e il numero di socio.<\/p>\n","protected":false},"excerpt":{"rendered":"<p>Questo pass giornaliero \u00e8 valido per il terzo giorno della conferenza (5 luglio 2024). Il prezzo comprende la partecipazione alle presentazioni e ai traduelli previsti per quel giorno, pi\u00f9 le pause caff\u00e8 e il pranzo. I membri di un\u2019associazione partner (affiliata alla FIT, D\u00dcV, juslingua) sono pregati di inserire il nome dell\u2019associazione e il numero [&hellip;]<\/p>\n","protected":false},"featured_media":206429,"template":"","meta":{"inline_featured_image":false},"product_brand":[],"product_cat":[416],"product_tag":[],"class_list":{"0":"post-206563","1":"product","2":"type-product","3":"status-publish","4":"has-post-thumbnail","6":"product_cat-ftsc2024-it","8":"first","9":"instock","10":"shipping-taxable","11":"purchasable","12":"product-type-variable"},"acf":[],"_links":{"self":[{"href":"https:\/\/astti.ch\/it\/wp-json\/wp\/v2\/product\/206563","targetHints":{"allow":["GET"]}}],"collection":[{"href":"https:\/\/astti.ch\/it\/wp-json\/wp\/v2\/product"}],"about":[{"href":"https:\/\/astti.ch\/it\/wp-json\/wp\/v2\/types\/product"}],"wp:featuredmedia":[{"embeddable":true,"href":"https:\/\/astti.ch\/it\/wp-json\/wp\/v2\/media\/206429"}],"wp:attachment":[{"href":"https:\/\/astti.ch\/it\/wp-json\/wp\/v2\/media?parent=206563"}],"wp:term":[{"taxonomy":"product_brand","embeddable":true,"href":"https:\/\/astti.ch\/it\/wp-json\/wp\/v2\/product_brand?post=206563"},{"taxonomy":"product_cat","embeddable":true,"href":"https:\/\/astti.ch\/it\/wp-json\/wp\/v2\/product_cat?post=206563"},{"taxonomy":"product_tag","embeddable":true,"href":"https:\/\/astti.ch\/it\/wp-json\/wp\/v2\/product_tag?post=206563"}],"curies":[{"name":"wp","href":"https:\/\/api.w.org\/{rel}","templated":true}]}}