{"id":206589,"date":"2024-03-12T15:18:10","date_gmt":"2024-03-12T15:18:10","guid":{"rendered":"https:\/\/astti.ch\/?post_type=product&#038;p=206589"},"modified":"2024-08-16T08:51:13","modified_gmt":"2024-08-16T08:51:13","slug":"universita-estiva-venerdi-copie","status":"publish","type":"product","link":"https:\/\/astti.ch\/it\/produit\/universita-estiva-venerdi-copie\/","title":{"rendered":"Universit\u00e0 estiva, mercoled\u00ec-venerd\u00ec"},"content":{"rendered":"<p>Il pass 3 giorni \u00e8 valido per l\u2019intero evento, dal 3 al 5 luglio 2024.<\/p>\n<p>Il prezzo comprende la partecipazione alle presentazioni, ai workshop e ai traduelli previsti per tutta la durata dell\u2019evento, pi\u00f9 le pause caff\u00e8 e i pranzi.<\/p>\n<p>I membri di un\u2019associazione partner (affiliata alla FIT, D\u00dcV, juslingua) sono pregati di inserire il nome dell\u2019associazione e il numero di socio.<\/p>\n","protected":false},"excerpt":{"rendered":"<p>Il pass 3 giorni \u00e8 valido per l\u2019intero evento, dal 3 al 5 luglio 2024. Il prezzo comprende la partecipazione alle presentazioni, ai workshop e ai traduelli previsti per tutta la durata dell\u2019evento, pi\u00f9 le pause caff\u00e8 e i pranzi. I membri di un\u2019associazione partner (affiliata alla FIT, D\u00dcV, juslingua) sono pregati di inserire il [&hellip;]<\/p>\n","protected":false},"featured_media":206433,"template":"","meta":{"inline_featured_image":false},"product_brand":[],"product_cat":[416],"product_tag":[],"class_list":{"0":"post-206589","1":"product","2":"type-product","3":"status-publish","4":"has-post-thumbnail","6":"product_cat-ftsc2024-it","8":"first","9":"instock","10":"shipping-taxable","11":"purchasable","12":"product-type-variable"},"acf":[],"_links":{"self":[{"href":"https:\/\/astti.ch\/it\/wp-json\/wp\/v2\/product\/206589","targetHints":{"allow":["GET"]}}],"collection":[{"href":"https:\/\/astti.ch\/it\/wp-json\/wp\/v2\/product"}],"about":[{"href":"https:\/\/astti.ch\/it\/wp-json\/wp\/v2\/types\/product"}],"wp:featuredmedia":[{"embeddable":true,"href":"https:\/\/astti.ch\/it\/wp-json\/wp\/v2\/media\/206433"}],"wp:attachment":[{"href":"https:\/\/astti.ch\/it\/wp-json\/wp\/v2\/media?parent=206589"}],"wp:term":[{"taxonomy":"product_brand","embeddable":true,"href":"https:\/\/astti.ch\/it\/wp-json\/wp\/v2\/product_brand?post=206589"},{"taxonomy":"product_cat","embeddable":true,"href":"https:\/\/astti.ch\/it\/wp-json\/wp\/v2\/product_cat?post=206589"},{"taxonomy":"product_tag","embeddable":true,"href":"https:\/\/astti.ch\/it\/wp-json\/wp\/v2\/product_tag?post=206589"}],"curies":[{"name":"wp","href":"https:\/\/api.w.org\/{rel}","templated":true}]}}