{"id":206623,"date":"2024-03-12T15:18:06","date_gmt":"2024-03-12T15:18:06","guid":{"rendered":"https:\/\/astti.ch\/?post_type=product&#038;p=206623"},"modified":"2024-08-16T08:51:33","modified_gmt":"2024-08-16T08:51:33","slug":"universita-estiva-crociera-con-cena-giovedi","status":"publish","type":"product","link":"https:\/\/astti.ch\/it\/produit\/universita-estiva-crociera-con-cena-giovedi\/","title":{"rendered":"Universit\u00e0 estiva Crociera con cena, gioved\u00ec"},"content":{"rendered":"<p>Questo biglietto \u00e8 valido per l\u2019eccezionale crociera con cena sul lago di Thun che avr\u00e0 luogo il 4 luglio 2024<\/p>\n<p>dalle 19.00 alle 22.00. Il prezzo comprende il noleggio dell\u2019HS Shilton e una deliziosa cena a tre portate (bevande non incluse).<\/p>\n","protected":false},"excerpt":{"rendered":"<p>Questo biglietto \u00e8 valido per l\u2019eccezionale crociera con cena sul lago di Thun che avr\u00e0 luogo il 4 luglio 2024 dalle 19.00 alle 22.00. Il prezzo comprende il noleggio dell\u2019HS Shilton e una deliziosa cena a tre portate (bevande non incluse).<\/p>\n","protected":false},"featured_media":206446,"template":"","meta":{"inline_featured_image":false},"product_brand":[],"product_cat":[416],"product_tag":[],"class_list":{"0":"post-206623","1":"product","2":"type-product","3":"status-publish","4":"has-post-thumbnail","6":"product_cat-ftsc2024-it","8":"first","9":"instock","10":"shipping-taxable","11":"purchasable","12":"product-type-variable"},"acf":[],"_links":{"self":[{"href":"https:\/\/astti.ch\/it\/wp-json\/wp\/v2\/product\/206623","targetHints":{"allow":["GET"]}}],"collection":[{"href":"https:\/\/astti.ch\/it\/wp-json\/wp\/v2\/product"}],"about":[{"href":"https:\/\/astti.ch\/it\/wp-json\/wp\/v2\/types\/product"}],"wp:featuredmedia":[{"embeddable":true,"href":"https:\/\/astti.ch\/it\/wp-json\/wp\/v2\/media\/206446"}],"wp:attachment":[{"href":"https:\/\/astti.ch\/it\/wp-json\/wp\/v2\/media?parent=206623"}],"wp:term":[{"taxonomy":"product_brand","embeddable":true,"href":"https:\/\/astti.ch\/it\/wp-json\/wp\/v2\/product_brand?post=206623"},{"taxonomy":"product_cat","embeddable":true,"href":"https:\/\/astti.ch\/it\/wp-json\/wp\/v2\/product_cat?post=206623"},{"taxonomy":"product_tag","embeddable":true,"href":"https:\/\/astti.ch\/it\/wp-json\/wp\/v2\/product_tag?post=206623"}],"curies":[{"name":"wp","href":"https:\/\/api.w.org\/{rel}","templated":true}]}}