{"id":213451,"date":"2025-05-27T08:56:12","date_gmt":"2025-05-27T08:56:12","guid":{"rendered":"https:\/\/astti.ch\/?post_type=product&#038;p=213451"},"modified":"2025-05-27T09:18:43","modified_gmt":"2025-05-27T09:18:43","slug":"prossimo-incontro-regionale-astti-ticino-aperitivo-venerdi-13-giugno","status":"publish","type":"product","link":"https:\/\/astti.ch\/it\/produit\/prossimo-incontro-regionale-astti-ticino-aperitivo-venerdi-13-giugno\/","title":{"rendered":"Prossimo incontro regionale ASTTI Ticino: aperitivo &#8211; Venerd\u00ec 13 giugno"},"content":{"rendered":"<p>Care colleghe, cari colleghi,<\/p>\n<p>L\u2019estate \u00e8 alle porte, le serate si allungano e si fanno pi\u00f9 calde: \u00e8 il momento perfetto per incontrarci, condividere un aperitivo, scambiare esperienze e visioni del futuro.\u00a0Il gruppo regionale ASTTI ha il piacere di invitarvi a un aperitivo tra colleghi,\u00a0per festeggiare insieme l\u2019arrivo dell\u2019estate, scambiare due chiacchiere in un\u2019atmosfera rilassata e trascorrere un momento conviviale.<\/p>\n<p><strong>Dove e quando<\/strong><\/p>\n<p>\ud83d\udcc5<strong> Venerd\u00ec 13 giugno, dalle ore 18.00<br \/>\n<\/strong>\ud83d\udccd Ristorante AnaCapri<br \/>\nVia Clemente Maraini<br \/>\n(di fronte alla stazione)<br \/>\n6900 Lugano<\/p>\n<p>L\u2019invito \u00e8 aperto <strong>prioritariamente<\/strong> ai membri dell\u2019ASTTI, ma anche a tutte le persone interessate.\u00a0Dopo l\u2019aperitivo, offerto dall\u2019ASTTI, sar\u00e0 possibile fermarsi anche per la cena (a carico di chi partecipa).<\/p>\n<p><strong>Iscrizione<\/strong><\/p>\n<p>Vi preghiamo di iscrivervi all\u2019incontro <u>tramite il <\/u>sito ASTTI\u00a0cliccando su \u201cAggiungi al carrello\u201d. L\u2019eventuale iscrizione alla cena \u00e8 gradita per motivi organizzativi.<br \/>\nTermine ultimo per l\u2019iscrizione:<strong> mercoled\u00ec 11 giugno sera.<\/strong><\/p>\n<p>In caso di domande o per disdire l\u2019iscrizione: <a href=\"mailto:grupporegionale-ticino@astti.ch\">grupporegionale-ticino@astti.ch<\/a><\/p>\n<p>A presto!<\/p>\n","protected":false},"excerpt":{"rendered":"<p>Care colleghe, cari colleghi, L\u2019estate \u00e8 alle porte, le serate si allungano e si fanno pi\u00f9 calde: \u00e8 il momento perfetto per incontrarci, condividere un aperitivo, scambiare esperienze e visioni del futuro.\u00a0Il gruppo regionale ASTTI ha il piacere di invitarvi a un aperitivo tra colleghi,\u00a0per festeggiare insieme l\u2019arrivo dell\u2019estate, scambiare due chiacchiere in un\u2019atmosfera rilassata [&hellip;]<\/p>\n","protected":false},"featured_media":213447,"template":"","meta":{"inline_featured_image":false},"product_brand":[],"product_cat":[270],"product_tag":[],"class_list":{"0":"post-213451","1":"product","2":"type-product","3":"status-publish","4":"has-post-thumbnail","6":"product_cat-rencontre-regionale-it","8":"first","9":"instock","10":"shipping-taxable","11":"purchasable","12":"product-type-variable"},"acf":[],"_links":{"self":[{"href":"https:\/\/astti.ch\/it\/wp-json\/wp\/v2\/product\/213451","targetHints":{"allow":["GET"]}}],"collection":[{"href":"https:\/\/astti.ch\/it\/wp-json\/wp\/v2\/product"}],"about":[{"href":"https:\/\/astti.ch\/it\/wp-json\/wp\/v2\/types\/product"}],"wp:featuredmedia":[{"embeddable":true,"href":"https:\/\/astti.ch\/it\/wp-json\/wp\/v2\/media\/213447"}],"wp:attachment":[{"href":"https:\/\/astti.ch\/it\/wp-json\/wp\/v2\/media?parent=213451"}],"wp:term":[{"taxonomy":"product_brand","embeddable":true,"href":"https:\/\/astti.ch\/it\/wp-json\/wp\/v2\/product_brand?post=213451"},{"taxonomy":"product_cat","embeddable":true,"href":"https:\/\/astti.ch\/it\/wp-json\/wp\/v2\/product_cat?post=213451"},{"taxonomy":"product_tag","embeddable":true,"href":"https:\/\/astti.ch\/it\/wp-json\/wp\/v2\/product_tag?post=213451"}],"curies":[{"name":"wp","href":"https:\/\/api.w.org\/{rel}","templated":true}]}}