{"id":215847,"date":"2025-09-23T12:38:06","date_gmt":"2025-09-23T12:38:06","guid":{"rendered":"https:\/\/astti.ch\/?post_type=product&#038;p=215847"},"modified":"2025-11-14T04:45:39","modified_gmt":"2025-11-14T04:45:39","slug":"equivalences-inscriptions-2025","status":"publish","type":"product","link":"https:\/\/astti.ch\/it\/produit\/equivalences-inscriptions-2025\/","title":{"rendered":"\u00c9QUIVALENCES 2025 (Fr)"},"content":{"rendered":"<h2><span style=\"color: #800000;\"><strong><em>\u00e9quivalences<\/em>\u00a02025 \u2013 Berne \u2013 21.11.2025<\/strong><\/span><\/h2>\n<p>\ud83d\udde8\ufe0f Nos professions \u00e0 un tournant : comment en tirer profit ?<\/p>\n<p>\ud83d\udde8\ufe0f Sprachberufe im Wandel \u2013 Chancen erkennen und nutzen<\/p>\n<p>\ud83d\udde8\ufe0f Professioni linguistiche in evoluzione: tradurre i cambiamenti in opportunit\u00e0<\/p>\n<p>\ud83d\udde8\ufe0f Seize opportunities in an evolving language industry<\/p>\n<p>\ud83d\udcc5 Vendredi\u00a021\u00a0novembre 2025<\/p>\n<p>\ud83d\udccd Kursaal de Berne<\/p>\n<p><strong>D\u00e9lai d&#8217;inscription<\/strong><br \/>\n7 novembre 2025 \u00e0 23h59<\/p>\n<p>Les inscriptions sont d\u00e9sormais termin\u00e9es. Nous vous prions de contacter le secr\u00e9tariat \u00e0 l\u2019adresse astti@astti.ch si vous souhaitez encore vous inscrire.<\/p>\n<p><strong>Prix<\/strong><\/p>\n<ul>\n<li>Membres ASTTI : CHF 250.\u2013 (\u20ac 270)<\/li>\n<li>Non-membres : CHF 390.\u2013 (\u20ac 420)<\/li>\n<li>\u00c9tudiant\u00b7e\u00b7s membres ASTTI : CHF 130.\u2013 (\u20ac 140)<\/li>\n<li>\u00c9tudiant\u00b7e\u00b7s non-membres : CHF 170.\u2013 (\u20ac 180)<\/li>\n<\/ul>\n<p>Si vous \u00eates membre d\u2019une association nationale ou internationale s\u0153ur (une association membre de la FIT, par exemple) donnant droit \u00e0 des tarifs pr\u00e9f\u00e9rentiels, s\u00e9lectionnez l\u2019option \u00ab\u00a0membre de l\u2019ASTTI (associ\u00e9 professionnel ou certifi\u00e9)\u00a0\u00bb\u00a0et indiquez, sur la page suivante du formulaire, le nom de votre association sous \u00ab\u00a0<strong>Informations compl\u00e9mentaires \u2013 Remarques concernant la commande\u00a0\u00bb.<\/strong><\/p>\n<p><strong>Bienvenue \u00e0 <em>\u00e9quivalences<\/em>\u00a02025<br \/>\n<\/strong>L\u2019ASTTI a le plaisir de vous inviter \u00e0 <em>\u00e9quivalences<\/em>, son congr\u00e8s d\u2019automne devenu incontournable, qui se tiendra le 21\u00a0novembre 2025 au Kursaal de Berne. Cet \u00e9v\u00e9nement s\u2019est impos\u00e9 depuis longtemps comme un point de rencontre pour les professionnelles et les professionnels des langues de Suisse et d\u2019ailleurs \u2013 un espace privil\u00e9gi\u00e9 pour d\u00e9velopper son r\u00e9seau, se perfectionner et d\u00e9battre de l\u2019avenir de nos professions.<\/p>\n<p><strong>Identifier les opportunit\u00e9s et en tirer profit<br \/>\n<\/strong>Sous la formule \u00ab\u00a0Nos professions \u00e0 un tournant\u00a0: comment en tirer profit\u00a0?\u00a0\u00bb, nous jetons ensemble un regard sur les profondes mutations que conna\u00eet notre monde professionnel. Cette ann\u00e9e, l\u2019accent sera mis sur l\u2019\u00e9mergence de nouveaux domaines d\u2019activit\u00e9 pour les traductrices, traducteurs et interpr\u00e8tes, sur l\u2019int\u00e9gration judicieuse de l\u2019intelligence artificielle dans la pratique professionnelle, mais aussi sur les enjeux cl\u00e9s tels que la visibilit\u00e9, les profils de comp\u00e9tences et la r\u00e9mun\u00e9ration.<\/p>\n<p>Quelles sont les opportunit\u00e9s qui \u00e9mergent au-del\u00e0 des formes traditionnelles de la traduction et de l\u2019interpr\u00e9tation\u00a0? Quelles seront les comp\u00e9tences incontournables de demain\u00a0? Et comment tirer parti des technologies telles que l\u2019IA afin qu\u2019elles enrichissent notre activit\u00e9 plut\u00f4t que de s\u2019y substituer\u00a0?<\/p>\n<p><strong>Inspiration et \u00e9change<br \/>\n<\/strong>Des conf\u00e9renci\u00e8res et des conf\u00e9renciers de haut niveau, issu\u00b7e\u00b7s aussi bien de la recherche que de la pratique, mettront en lumi\u00e8re des th\u00e8mes actuels de nos professions. En outre, les participantes et les participants auront l\u2019occasion d\u2019assister \u00e0 une table ronde r\u00e9unissant des expertes et experts, et de partager des moments de convivialit\u00e9 lors des pauses caf\u00e9 et du buffet de midi.<\/p>\n<p><strong>Programme<br \/>\n<\/strong>De la conf\u00e9rence d\u2019ouverture \u00e0 la table ronde de fin de journ\u00e9e, un programme riche en regards crois\u00e9s sur la mutation des m\u00e9tiers de la langue. Voici un aper\u00e7u des diff\u00e9rentes contributions.<\/p>\n<ul>\n<li><a href=\"https:\/\/astti.ch\/wp-content\/uploads\/2025\/11\/Programm_FR.pdf\" target=\"_blank\" rel=\"noopener\">T\u00e9l\u00e9chargez le programme 2025<\/a><\/li>\n<li><a href=\"https:\/\/astti.ch\/wp-content\/uploads\/2025\/10\/equivalences_Kurzbio_FR.pdf\">Contributions et intervenant\u00b7es<\/a><\/li>\n<li><a href=\"https:\/\/astti.ch\/equivalences-2025-conditions-dinscriptions\/\" target=\"_blank\" rel=\"noopener\">Conditions d\u2019inscription et d\u2019annulation<\/a><\/li>\n<\/ul>\n","protected":false},"excerpt":{"rendered":"<p>\u00e9quivalences\u00a02025 \u2013 Berne \u2013 21.11.2025 \ud83d\udde8\ufe0f Nos professions \u00e0 un tournant : comment en tirer profit ? \ud83d\udde8\ufe0f Sprachberufe im Wandel \u2013 Chancen erkennen und nutzen \ud83d\udde8\ufe0f Professioni linguistiche in evoluzione: tradurre i cambiamenti in opportunit\u00e0 \ud83d\udde8\ufe0f Seize opportunities in an evolving language industry \ud83d\udcc5 Vendredi\u00a021\u00a0novembre 2025 \ud83d\udccd Kursaal de Berne D\u00e9lai d&#8217;inscription 7 novembre [&hellip;]<\/p>\n","protected":false},"featured_media":215848,"template":"","meta":{"inline_featured_image":false},"product_brand":[],"product_cat":[17,874],"product_tag":[],"class_list":{"0":"post-215847","1":"product","2":"type-product","3":"status-publish","4":"has-post-thumbnail","6":"product_cat-non-classe","7":"product_cat-equivalences-2025","9":"first","10":"outofstock","11":"shipping-taxable","12":"product-type-variable"},"acf":[],"_links":{"self":[{"href":"https:\/\/astti.ch\/it\/wp-json\/wp\/v2\/product\/215847","targetHints":{"allow":["GET"]}}],"collection":[{"href":"https:\/\/astti.ch\/it\/wp-json\/wp\/v2\/product"}],"about":[{"href":"https:\/\/astti.ch\/it\/wp-json\/wp\/v2\/types\/product"}],"wp:featuredmedia":[{"embeddable":true,"href":"https:\/\/astti.ch\/it\/wp-json\/wp\/v2\/media\/215848"}],"wp:attachment":[{"href":"https:\/\/astti.ch\/it\/wp-json\/wp\/v2\/media?parent=215847"}],"wp:term":[{"taxonomy":"product_brand","embeddable":true,"href":"https:\/\/astti.ch\/it\/wp-json\/wp\/v2\/product_brand?post=215847"},{"taxonomy":"product_cat","embeddable":true,"href":"https:\/\/astti.ch\/it\/wp-json\/wp\/v2\/product_cat?post=215847"},{"taxonomy":"product_tag","embeddable":true,"href":"https:\/\/astti.ch\/it\/wp-json\/wp\/v2\/product_tag?post=215847"}],"curies":[{"name":"wp","href":"https:\/\/api.w.org\/{rel}","templated":true}]}}